{"id":369,"date":"2026-02-04T22:56:07","date_gmt":"2026-02-04T20:56:07","guid":{"rendered":"https:\/\/karilantila.fi\/activities\/kesapuuha-karilan-tilalla\/"},"modified":"2026-03-02T20:14:12","modified_gmt":"2026-03-02T18:14:12","slug":"summer-activites","status":"publish","type":"page","link":"https:\/\/karilantila.fi\/en\/activities\/summer-activites\/","title":{"rendered":"Summer activites on Karila Farm"},"content":{"rendered":"\n<p>Summer invites you to wander and have fun at Karila Farm. Karila Farm, located in the northern part of \u00c4k\u00e4slompolo, its surrounding traditional landscape and wild nature offer a variety of activities for people of all ages.<\/p>\n\n\n\n<p>In the summer, the <a href=\"https:\/\/karilantila.fi\/en\/cafe\/\" title=\"A caf\u00e9 and gallery in an old bard\">Navettagalleria caf\u00e9<\/a> opens around Midsummer. In addition to pastries and soup, we also offer ice cream.<\/p>\n\n\n\n<p>For children who like to jump there is a trampoline in the yard, additionally there is also other play equipment and a sandbox in the yard.<\/p>\n\n\n\n<p>We have built a small stunt track where you can test your bike control and your own skills &#8211; at your own risk and with adult supervision for young cyclists. However, the stunt track should only be used in dry weather as the wooden structures of the track are wet and slippery when it rains.<\/p>\n\n\n\n<p>On sunny summer days, chickens and a rooster sometimes run around the yard. They do their own thing in the yard and it is fun to watch them. But you shouldn&#8217;t try to catch them, as that might scare them.<\/p>\n\n\n\n<p>Dogs must also be kept on a leash in the yard.<\/p>\n\n\n\n<div class=\"wp-block-columns is-layout-flex wp-container-core-columns-is-layout-9d6595d7 wp-block-columns-is-layout-flex\">\n<div class=\"wp-block-column is-layout-flow wp-block-column-is-layout-flow\">\n<figure class=\"wp-block-image size-large\"><img loading=\"lazy\" decoding=\"async\" width=\"1024\" height=\"394\" src=\"https:\/\/karilantila.fi\/wp-content\/uploads\/2026\/02\/Akaslompolo-1024x394.jpg\" alt=\"\" class=\"wp-image-218\" srcset=\"https:\/\/karilantila.fi\/wp-content\/uploads\/2026\/02\/Akaslompolo-1024x394.jpg 1024w, https:\/\/karilantila.fi\/wp-content\/uploads\/2026\/02\/Akaslompolo-300x115.jpg 300w, https:\/\/karilantila.fi\/wp-content\/uploads\/2026\/02\/Akaslompolo-768x295.jpg 768w, https:\/\/karilantila.fi\/wp-content\/uploads\/2026\/02\/Akaslompolo-1140x438.jpg 1140w, https:\/\/karilantila.fi\/wp-content\/uploads\/2026\/02\/Akaslompolo.jpg 1300w\" sizes=\"auto, (max-width: 1024px) 100vw, 1024px\" \/><\/figure>\n\n\n\n<h3 class=\"wp-block-heading\">\u00c4k\u00e4slompolo Story Trail<\/h3>\n\n\n\n<p>The \u00c4k\u00e4slompolo Story Trail, which circles the entire village and has 21 information points along the way, passes by Karila. The information points tell the history of the village through stories and pictures and are suitable for all ages. There are also works of art along the story trail. Our Farm is located approximately halfway along the trail.<br><a href=\"https:\/\/www.xn--kslompolo-u2ab.fi\/tarinapolku.html\" target=\"_blank\" rel=\"noreferrer noopener\">Learn about our history (FIN)<\/a><\/p>\n<\/div>\n\n\n\n<div class=\"wp-block-column is-layout-flow wp-block-column-is-layout-flow\">\n<figure class=\"wp-block-image size-large\"><img loading=\"lazy\" decoding=\"async\" width=\"1024\" height=\"394\" src=\"https:\/\/karilantila.fi\/wp-content\/uploads\/2026\/02\/Karilantila-ymparistotaide-1024x394.jpg\" alt=\"\" class=\"wp-image-153\" srcset=\"https:\/\/karilantila.fi\/wp-content\/uploads\/2026\/02\/Karilantila-ymparistotaide-1024x394.jpg 1024w, https:\/\/karilantila.fi\/wp-content\/uploads\/2026\/02\/Karilantila-ymparistotaide-300x115.jpg 300w, https:\/\/karilantila.fi\/wp-content\/uploads\/2026\/02\/Karilantila-ymparistotaide-768x295.jpg 768w, https:\/\/karilantila.fi\/wp-content\/uploads\/2026\/02\/Karilantila-ymparistotaide-1140x438.jpg 1140w, https:\/\/karilantila.fi\/wp-content\/uploads\/2026\/02\/Karilantila-ymparistotaide.jpg 1300w\" sizes=\"auto, (max-width: 1024px) 100vw, 1024px\" \/><\/figure>\n\n\n\n<h3 class=\"wp-block-heading\">Environmental Art<\/h3>\n\n\n\n<p>ART \u00c4k\u00e4slompolo ry promotes art that deepens experiences of nature, raises environmental issues, supports environmental and nature conservation, and improves the working conditions for artists. Their art can also be found in the Karila farm area.<br><a href=\"https:\/\/karilantila.fi\/en\/navettagalleria\/environmental-art\/\" title=\"Environmental art\">Environmental art in Karila<\/a><\/p>\n<\/div>\n<\/div>\n\n\n\n<div class=\"wp-block-columns is-layout-flex wp-container-core-columns-is-layout-9d6595d7 wp-block-columns-is-layout-flex\">\n<div class=\"wp-block-column is-layout-flow wp-block-column-is-layout-flow\">\n<figure class=\"wp-block-image size-large\"><img loading=\"lazy\" decoding=\"async\" width=\"1024\" height=\"394\" src=\"https:\/\/karilantila.fi\/wp-content\/uploads\/2026\/02\/maanpiirikuva-1024x394.jpg\" alt=\"\" class=\"wp-image-184\" srcset=\"https:\/\/karilantila.fi\/wp-content\/uploads\/2026\/02\/maanpiirikuva-1024x394.jpg 1024w, https:\/\/karilantila.fi\/wp-content\/uploads\/2026\/02\/maanpiirikuva-300x115.jpg 300w, https:\/\/karilantila.fi\/wp-content\/uploads\/2026\/02\/maanpiirikuva-768x295.jpg 768w, https:\/\/karilantila.fi\/wp-content\/uploads\/2026\/02\/maanpiirikuva-1140x438.jpg 1140w, https:\/\/karilantila.fi\/wp-content\/uploads\/2026\/02\/maanpiirikuva.jpg 1300w\" sizes=\"auto, (max-width: 1024px) 100vw, 1024px\" \/><\/figure>\n\n\n\n<h3 class=\"wp-block-heading\">Maanpiiri<\/h3>\n\n\n\n<p>Maanpiiri is an event focusing on nature, community and the arts in \u00c4k\u00e4slompolo. The Maanpiiri camp takes place annually in July.<br><a href=\"https:\/\/karilantila.fi\/en\/activities\/maanpiirileiri\/\" title=\"Maanpiiri Camp\">More info about the camp<\/a><\/p>\n<\/div>\n\n\n\n<div class=\"wp-block-column is-layout-flow wp-block-column-is-layout-flow\">\n<figure class=\"wp-block-image size-large\"><img loading=\"lazy\" decoding=\"async\" width=\"1024\" height=\"394\" src=\"https:\/\/karilantila.fi\/wp-content\/uploads\/2026\/02\/Karilantila-tapahtumat-1024x394.jpg\" alt=\"\" class=\"wp-image-238\" srcset=\"https:\/\/karilantila.fi\/wp-content\/uploads\/2026\/02\/Karilantila-tapahtumat-1024x394.jpg 1024w, https:\/\/karilantila.fi\/wp-content\/uploads\/2026\/02\/Karilantila-tapahtumat-300x115.jpg 300w, https:\/\/karilantila.fi\/wp-content\/uploads\/2026\/02\/Karilantila-tapahtumat-768x295.jpg 768w, https:\/\/karilantila.fi\/wp-content\/uploads\/2026\/02\/Karilantila-tapahtumat-1140x438.jpg 1140w, https:\/\/karilantila.fi\/wp-content\/uploads\/2026\/02\/Karilantila-tapahtumat.jpg 1300w\" sizes=\"auto, (max-width: 1024px) 100vw, 1024px\" \/><\/figure>\n\n\n\n<h3 class=\"wp-block-heading\">Events<\/h3>\n\n\n\n<p>We will post events later.<\/p>\n<\/div>\n<\/div>\n\n\n\n<p><\/p>\n","protected":false},"excerpt":{"rendered":"<p>Summer invites you to wander and have fun at Karila Farm. Karila Farm, located in the northern part of \u00c4k\u00e4slompolo, its surrounding traditional landscape and wild nature offer a variety of activities for people of all ages. In the summer, the Navettagalleria caf\u00e9 opens around Midsummer. In addition to pastries and soup, we also offer ice cream. For children who like to jump there is a trampoline in the yard, additionally there is also other play equipment and a sandbox in the yard. We have built a small stunt track where you can test your bike control and your own skills &#8211; at your own risk and with adult supervision for young cyclists. However, the stunt track should only be used in dry weather as the wooden structures of the track are wet and slippery when it rains. On sunny summer days, chickens and a rooster sometimes run around the yard. They do their own thing in the yard and it is fun to watch them. But you shouldn&#8217;t try to catch them, as that might scare them. Dogs must also be kept on a leash in the yard. \u00c4k\u00e4slompolo Story Trail The \u00c4k\u00e4slompolo Story Trail, which circles the entire village and has 21 information points along the way, passes by Karila. The information points tell the history of the village through stories and pictures and are suitable for all ages. There are also works of art along the story trail. Our Farm is located approximately halfway along the trail.Learn about our history (FIN) Environmental Art ART \u00c4k\u00e4slompolo ry promotes art that deepens experiences of nature, raises environmental issues, supports environmental and nature conservation, and improves the working conditions for artists. Their art can also be found in the Karila farm area.Environmental art in Karila Maanpiiri Maanpiiri is an event focusing on nature, community and the arts in \u00c4k\u00e4slompolo. The Maanpiiri camp takes place annually in July.More info about the camp Events We will post events later.<\/p>\n","protected":false},"author":2,"featured_media":371,"parent":348,"menu_order":0,"comment_status":"closed","ping_status":"closed","template":"","meta":{"om_disable_all_campaigns":false,"_monsterinsights_skip_tracking":false,"_monsterinsights_sitenote_active":false,"_monsterinsights_sitenote_note":"","_monsterinsights_sitenote_category":0,"footnotes":""},"class_list":["post-369","page","type-page","status-publish","has-post-thumbnail","hentry"],"aioseo_notices":[],"acf":[],"_links":{"self":[{"href":"https:\/\/karilantila.fi\/en\/wp-json\/wp\/v2\/pages\/369","targetHints":{"allow":["GET"]}}],"collection":[{"href":"https:\/\/karilantila.fi\/en\/wp-json\/wp\/v2\/pages"}],"about":[{"href":"https:\/\/karilantila.fi\/en\/wp-json\/wp\/v2\/types\/page"}],"author":[{"embeddable":true,"href":"https:\/\/karilantila.fi\/en\/wp-json\/wp\/v2\/users\/2"}],"replies":[{"embeddable":true,"href":"https:\/\/karilantila.fi\/en\/wp-json\/wp\/v2\/comments?post=369"}],"version-history":[{"count":3,"href":"https:\/\/karilantila.fi\/en\/wp-json\/wp\/v2\/pages\/369\/revisions"}],"predecessor-version":[{"id":661,"href":"https:\/\/karilantila.fi\/en\/wp-json\/wp\/v2\/pages\/369\/revisions\/661"}],"up":[{"embeddable":true,"href":"https:\/\/karilantila.fi\/en\/wp-json\/wp\/v2\/pages\/348"}],"wp:featuredmedia":[{"embeddable":true,"href":"https:\/\/karilantila.fi\/en\/wp-json\/wp\/v2\/media\/371"}],"wp:attachment":[{"href":"https:\/\/karilantila.fi\/en\/wp-json\/wp\/v2\/media?parent=369"}],"curies":[{"name":"wp","href":"https:\/\/api.w.org\/{rel}","templated":true}]}}