{"id":381,"date":"2026-02-04T22:30:16","date_gmt":"2026-02-04T20:30:16","guid":{"rendered":"https:\/\/karilantila.fi\/activities\/maanpiirileiri\/"},"modified":"2026-03-02T20:11:41","modified_gmt":"2026-03-02T18:11:41","slug":"maanpiirileiri","status":"publish","type":"page","link":"https:\/\/karilantila.fi\/en\/activities\/maanpiirileiri\/","title":{"rendered":"Maanpiiri Camp"},"content":{"rendered":"\n<p>Maanpiiri (<em>Orbis terrarum &#8211; Circle of the lands<\/em>) is an event focusing on nature, community and the arts in \u00c4k\u00e4slompolo. Maanpiiri camp meets annually in \u00c4k\u00e4slompolo in the stunning landscapes of Karila farm and \u00c4k\u00e4slompolo village!<\/p>\n\n\n\n<p><a href=\"https:\/\/karilantila.fi\/elamyksia-kaikille\/maanpiirileiri\/maanpiirileiri-2026\/\" title=\"\">Maanpiiri camp 2026 &#8220;IKIPUUT&#8221; &#8211; Thu 23.7.- Thu 30.7.<\/a> (FIN)<\/p>\n\n\n\n<p>Maanpiiri camp is an drug- and alcohol-free open event for everyone, where you can delve into nature, community and yourself. The camp program combines daily trips to the fells, cross-artistic workshops, yoga, physical exercises, meditation, campfire circles and working with the five elements. There is also a separate program for children.<\/p>\n\n\n\n<p>The camp program offers the opportunity to stop, listen and observe the world around you in peace and with presence. The heart of our camp is the hut of the Karila farm, which together with the fells and the maze creates an inspiring and sensory-perceptually stimulating environment. In particular, the maze, which Maanpiiri created in Karila&#8217;s semi-wild garden, offers a unique place to experience and explore the circle of the lands more deeply.<\/p>\n\n\n\n<p><span class=\"HwtZe\" lang=\"en\"><span class=\"jCAhz ChMk0b\"><span class=\"ryNqvb\">The focus of the camp is on doing and sharing together.<\/span><\/span> <span class=\"jCAhz ChMk0b\"><span class=\"ryNqvb\">Each participant can share their expertise and participate in small joint tasks that promote the smooth running and well-being of the camp.<\/span><\/span> <span class=\"jCAhz ChMk0b\"><span class=\"ryNqvb\">Maanpiiri is not just an event &#8211; it is a community that we create together.<\/span><\/span><\/span><\/p>\n\n\n\n<p><span class=\"HwtZe\" lang=\"en\"><span class=\"jCAhz ChMk0b\"><span class=\"ryNqvb\">The camp is organized by the Mets\u00e4perhe ry in cooperation with Karila Farm and the campers. Since 1998, Mets\u00e4perhe ry has worked for community and deepening the relationship between people and nature.<\/span><\/span> <span class=\"jCAhz ChMk0b\"><span class=\"ryNqvb\">Since 2019, the association has organized the Maanpiiri camp in \u00c4k\u00e4slompolo.<\/span><\/span><\/span><\/p>\n\n\n\n<p>The Maanpiiri camp invites people of all ages to participate &#8211; families, children and adults.<\/p>\n\n\n\n<h3 class=\"wp-block-heading\">Memories from the 2024 Maanpiiri Camp<\/h3>\n\n\n\n<figure class=\"wp-block-embed is-type-video is-provider-youtube wp-block-embed-youtube wp-embed-aspect-16-9 wp-has-aspect-ratio\"><div class=\"wp-block-embed__wrapper\">\n<iframe loading=\"lazy\" title=\"7 Days at Maanpiiri Camp in Lapland (Hiking, Workshops, Community &amp; Wilderness)\" width=\"960\" height=\"540\" src=\"https:\/\/www.youtube.com\/embed\/jI7vSjlOPH0?feature=oembed\" frameborder=\"0\" allow=\"accelerometer; autoplay; clipboard-write; encrypted-media; gyroscope; picture-in-picture; web-share\" referrerpolicy=\"strict-origin-when-cross-origin\" allowfullscreen><\/iframe>\n<\/div><\/figure>\n","protected":false},"excerpt":{"rendered":"<p>Maanpiiri (Orbis terrarum &#8211; Circle of the lands) is an event focusing on nature, community and the arts in \u00c4k\u00e4slompolo. Maanpiiri camp meets annually in \u00c4k\u00e4slompolo in the stunning landscapes of Karila farm and \u00c4k\u00e4slompolo village! Maanpiiri camp 2026 &#8220;IKIPUUT&#8221; &#8211; Thu 23.7.- Thu 30.7. (FIN) Maanpiiri camp is an drug- and alcohol-free open event for everyone, where you can delve into nature, community and yourself. The camp program combines daily trips to the fells, cross-artistic workshops, yoga, physical exercises, meditation, campfire circles and working with the five elements. There is also a separate program for children. The camp program offers the opportunity to stop, listen and observe the world around you in peace and with presence. The heart of our camp is the hut of the Karila farm, which together with the fells and the maze creates an inspiring and sensory-perceptually stimulating environment. In particular, the maze, which Maanpiiri created in Karila&#8217;s semi-wild garden, offers a unique place to experience and explore the circle of the lands more deeply. The focus of the camp is on doing and sharing together. Each participant can share their expertise and participate in small joint tasks that promote the smooth running and well-being of the camp. Maanpiiri is not just an event &#8211; it is a community that we create together. The camp is organized by the Mets\u00e4perhe ry in cooperation with Karila Farm and the campers. Since 1998, Mets\u00e4perhe ry has worked for community and deepening the relationship between people and nature. Since 2019, the association has organized the Maanpiiri camp in \u00c4k\u00e4slompolo. The Maanpiiri camp invites people of all ages to participate &#8211; families, children and adults. Memories from the 2024 Maanpiiri Camp<\/p>\n","protected":false},"author":2,"featured_media":358,"parent":348,"menu_order":0,"comment_status":"closed","ping_status":"closed","template":"","meta":{"om_disable_all_campaigns":false,"_monsterinsights_skip_tracking":false,"_monsterinsights_sitenote_active":false,"_monsterinsights_sitenote_note":"","_monsterinsights_sitenote_category":0,"footnotes":""},"class_list":["post-381","page","type-page","status-publish","has-post-thumbnail","hentry"],"aioseo_notices":[],"acf":[],"_links":{"self":[{"href":"https:\/\/karilantila.fi\/en\/wp-json\/wp\/v2\/pages\/381","targetHints":{"allow":["GET"]}}],"collection":[{"href":"https:\/\/karilantila.fi\/en\/wp-json\/wp\/v2\/pages"}],"about":[{"href":"https:\/\/karilantila.fi\/en\/wp-json\/wp\/v2\/types\/page"}],"author":[{"embeddable":true,"href":"https:\/\/karilantila.fi\/en\/wp-json\/wp\/v2\/users\/2"}],"replies":[{"embeddable":true,"href":"https:\/\/karilantila.fi\/en\/wp-json\/wp\/v2\/comments?post=381"}],"version-history":[{"count":3,"href":"https:\/\/karilantila.fi\/en\/wp-json\/wp\/v2\/pages\/381\/revisions"}],"predecessor-version":[{"id":399,"href":"https:\/\/karilantila.fi\/en\/wp-json\/wp\/v2\/pages\/381\/revisions\/399"}],"up":[{"embeddable":true,"href":"https:\/\/karilantila.fi\/en\/wp-json\/wp\/v2\/pages\/348"}],"wp:featuredmedia":[{"embeddable":true,"href":"https:\/\/karilantila.fi\/en\/wp-json\/wp\/v2\/media\/358"}],"wp:attachment":[{"href":"https:\/\/karilantila.fi\/en\/wp-json\/wp\/v2\/media?parent=381"}],"curies":[{"name":"wp","href":"https:\/\/api.w.org\/{rel}","templated":true}]}}