{"id":428,"date":"2026-02-01T13:00:23","date_gmt":"2026-02-01T11:00:23","guid":{"rendered":"https:\/\/karilantila.fi\/kahvila\/"},"modified":"2026-03-09T11:04:21","modified_gmt":"2026-03-09T09:04:21","slug":"cafe","status":"publish","type":"page","link":"https:\/\/karilantila.fi\/en\/cafe\/","title":{"rendered":"A caf\u00e9 and gallery in an old bard"},"content":{"rendered":"\n<div class=\"wp-block-columns is-layout-flex wp-container-core-columns-is-layout-9d6595d7 wp-block-columns-is-layout-flex\">\n<div class=\"wp-block-column is-layout-flow wp-block-column-is-layout-flow\" style=\"flex-basis:66.66%\">\n<p>Caf\u00e9 Karila Navettagalleria (Karila Barn Gallery &amp; Caf\u00e9) is a rustic caf\u00e9 on the edge of the national park. As its name suggests, the caf\u00e9 has been renovated into an old barn. The hay barn connected to the barn functions as both a caf\u00e9 and an art gallery with both changing exhibitions and permanent works. <\/p>\n\n\n\n<p>The pastries and food at Navettagalleria are made from high-quality ingredients on site: we bake donuts, savory and sweet pastries and pies every day. Our selection usually includes products made from gluten-free ingredients. Smoked reindeer soup is also available on the takeaway table. The soup, seasoned with Koskenlaskija cheese, is made from local reindeer meat and root vegetables. For vegans, we prepare lentil and coconut soup. <\/p>\n\n\n\n<p>The house specialty is whitefish kurniekka, which fish lovers will surely enjoy! <\/p>\n\n\n\n<p>We have a small shop in the caf\u00e9, where local \u2013 and also the house\u2019s own \u2013 <a href=\"https:\/\/karilantila.fi\/en\/navettagalleria\/handicraft\/\" title=\"Handicrafts and natural products\">handicrafts and herbal products<\/a> are on sold.<\/p>\n<\/div>\n\n\n\n<div class=\"wp-block-column is-layout-flow wp-block-column-is-layout-flow\" style=\"flex-basis:33.33%\">\n<figure class=\"wp-block-image size-full\"><img loading=\"lazy\" decoding=\"async\" width=\"501\" height=\"501\" src=\"https:\/\/karilantila.fi\/wp-content\/uploads\/2026\/02\/Annukka-portrait.jpg\" alt=\"\" class=\"wp-image-70\" srcset=\"https:\/\/karilantila.fi\/wp-content\/uploads\/2026\/02\/Annukka-portrait.jpg 501w, https:\/\/karilantila.fi\/wp-content\/uploads\/2026\/02\/Annukka-portrait-300x300.jpg 300w, https:\/\/karilantila.fi\/wp-content\/uploads\/2026\/02\/Annukka-portrait-150x150.jpg 150w, https:\/\/karilantila.fi\/wp-content\/uploads\/2026\/02\/Annukka-portrait-75x75.jpg 75w\" sizes=\"auto, (max-width: 501px) 100vw, 501px\" \/><\/figure>\n\n\n\n<h4 class=\"wp-block-heading has-text-align-center\">Annukka<\/h4>\n\n\n\n<p class=\"has-text-align-center\"><em>New hostess, handicraft<\/em><\/p>\n\n\n\n<p>Annukka and her family moved to her mother&#8217;s childhood home in \u00c4k\u00e4slompolo, at the foot of the fells, to continue the business her mother had founded here in Karila.<\/p>\n<\/div>\n<\/div>\n\n\n\n<div class=\"wp-block-columns is-layout-flex wp-container-core-columns-is-layout-9d6595d7 wp-block-columns-is-layout-flex\">\n<div class=\"wp-block-column is-layout-flow wp-block-column-is-layout-flow\">\n<figure class=\"wp-block-image size-large\"><img loading=\"lazy\" decoding=\"async\" width=\"1024\" height=\"394\" src=\"https:\/\/karilantila.fi\/wp-content\/uploads\/2026\/02\/Ruokalista-Navettagalleria-Satu-Renko-1-1024x394.jpg\" alt=\"\" class=\"wp-image-67\" srcset=\"https:\/\/karilantila.fi\/wp-content\/uploads\/2026\/02\/Ruokalista-Navettagalleria-Satu-Renko-1-1024x394.jpg 1024w, https:\/\/karilantila.fi\/wp-content\/uploads\/2026\/02\/Ruokalista-Navettagalleria-Satu-Renko-1-300x115.jpg 300w, https:\/\/karilantila.fi\/wp-content\/uploads\/2026\/02\/Ruokalista-Navettagalleria-Satu-Renko-1-768x295.jpg 768w, https:\/\/karilantila.fi\/wp-content\/uploads\/2026\/02\/Ruokalista-Navettagalleria-Satu-Renko-1-1140x438.jpg 1140w, https:\/\/karilantila.fi\/wp-content\/uploads\/2026\/02\/Ruokalista-Navettagalleria-Satu-Renko-1.jpg 1300w\" sizes=\"auto, (max-width: 1024px) 100vw, 1024px\" \/><\/figure>\n\n\n\n<h3 class=\"wp-block-heading\">Drop in for coffee<\/h3>\n\n\n\n<p>Being outside sure makes you hungry. The caf\u00e9 in the Barn Gallery offers relief for both larger and smaller hunger pangs.<br><a href=\"https:\/\/karilantila.fi\/en\/cafe\/menu\/\" title=\"Food and pastries, made with love\">Our menu<\/a><\/p>\n<\/div>\n\n\n\n<div class=\"wp-block-column is-layout-flow wp-block-column-is-layout-flow\">\n<figure class=\"wp-block-image size-large\"><img loading=\"lazy\" decoding=\"async\" width=\"1024\" height=\"394\" src=\"https:\/\/karilantila.fi\/wp-content\/uploads\/2026\/02\/Ryhmille-ruokailu-Joni-Niva-1024x394.jpg\" alt=\"\" class=\"wp-image-71\" srcset=\"https:\/\/karilantila.fi\/wp-content\/uploads\/2026\/02\/Ryhmille-ruokailu-Joni-Niva-1024x394.jpg 1024w, https:\/\/karilantila.fi\/wp-content\/uploads\/2026\/02\/Ryhmille-ruokailu-Joni-Niva-300x115.jpg 300w, https:\/\/karilantila.fi\/wp-content\/uploads\/2026\/02\/Ryhmille-ruokailu-Joni-Niva-768x295.jpg 768w, https:\/\/karilantila.fi\/wp-content\/uploads\/2026\/02\/Ryhmille-ruokailu-Joni-Niva-1140x438.jpg 1140w, https:\/\/karilantila.fi\/wp-content\/uploads\/2026\/02\/Ryhmille-ruokailu-Joni-Niva.jpg 1300w\" sizes=\"auto, (max-width: 1024px) 100vw, 1024px\" \/><\/figure>\n\n\n\n<h3 class=\"wp-block-heading\">Dining with a larger group<\/h3>\n\n\n\n<p>You can also book the Barn Gallery for yourself. Upon request, we can arrange meals and coffee breaks for groups of 10\u201325 people according to your wishes.<br><a href=\"https:\/\/karilantila.fi\/en\/cafe\/groups\/\" title=\"Dining experiences for groups\">Our options<\/a><\/p>\n<\/div>\n<\/div>\n\n\n\n<div class=\"wp-block-columns is-layout-flex wp-container-core-columns-is-layout-9d6595d7 wp-block-columns-is-layout-flex\">\n<div class=\"wp-block-column is-layout-flow wp-block-column-is-layout-flow\">\n<figure class=\"wp-block-image size-large\"><img loading=\"lazy\" decoding=\"async\" width=\"1024\" height=\"394\" src=\"https:\/\/karilantila.fi\/wp-content\/uploads\/2026\/02\/Maitohorsma-Karilantila-Joni-Niva-1024x394.jpg\" alt=\"\" class=\"wp-image-63\" srcset=\"https:\/\/karilantila.fi\/wp-content\/uploads\/2026\/02\/Maitohorsma-Karilantila-Joni-Niva-1024x394.jpg 1024w, https:\/\/karilantila.fi\/wp-content\/uploads\/2026\/02\/Maitohorsma-Karilantila-Joni-Niva-300x115.jpg 300w, https:\/\/karilantila.fi\/wp-content\/uploads\/2026\/02\/Maitohorsma-Karilantila-Joni-Niva-768x295.jpg 768w, https:\/\/karilantila.fi\/wp-content\/uploads\/2026\/02\/Maitohorsma-Karilantila-Joni-Niva-1140x438.jpg 1140w, https:\/\/karilantila.fi\/wp-content\/uploads\/2026\/02\/Maitohorsma-Karilantila-Joni-Niva.jpg 1300w\" sizes=\"auto, (max-width: 1024px) 100vw, 1024px\" \/><\/figure>\n\n\n\n<h3 class=\"wp-block-heading\">Our food comes from nearby<\/h3>\n\n\n\n<p><span class=\"HwtZe\" lang=\"en\"><span class=\"jCAhz ChMk0b\"><span class=\"ryNqvb\">Produce from our own yard, wild food, and local reindeer and fish are all found in our menu.<\/span><\/span><\/span><br><a href=\"https:\/\/karilantila.fi\/en\/cafe\/local-food\/\" title=\"Local food at its best\">More about our ingredients<\/a><\/p>\n<\/div>\n\n\n\n<div class=\"wp-block-column is-layout-flow wp-block-column-is-layout-flow\">\n<figure class=\"wp-block-image size-large\"><img loading=\"lazy\" decoding=\"async\" width=\"1024\" height=\"394\" src=\"https:\/\/karilantila.fi\/wp-content\/uploads\/2026\/02\/Karilantila-kota-Satu-Renko-1024x394.jpg\" alt=\"\" class=\"wp-image-72\" srcset=\"https:\/\/karilantila.fi\/wp-content\/uploads\/2026\/02\/Karilantila-kota-Satu-Renko-1024x394.jpg 1024w, https:\/\/karilantila.fi\/wp-content\/uploads\/2026\/02\/Karilantila-kota-Satu-Renko-300x115.jpg 300w, https:\/\/karilantila.fi\/wp-content\/uploads\/2026\/02\/Karilantila-kota-Satu-Renko-768x295.jpg 768w, https:\/\/karilantila.fi\/wp-content\/uploads\/2026\/02\/Karilantila-kota-Satu-Renko-1140x438.jpg 1140w, https:\/\/karilantila.fi\/wp-content\/uploads\/2026\/02\/Karilantila-kota-Satu-Renko.jpg 1300w\" sizes=\"auto, (max-width: 1024px) 100vw, 1024px\" \/><\/figure>\n\n\n\n<h3 class=\"wp-block-heading\">Eat by the fire<\/h3>\n\n\n\n<p>We have arranged additional space for the caf\u00e9 in a kota set up in the yard. You can make a fire in the kota and enjoy the caf\u00e9&#8217;s products.<br><a href=\"https:\/\/karilantila.fi\/en\/cafe\/kota\/\" title=\"Let\u2019s sit by the fire in the kota\">Terms of use for the kota<\/a><\/p>\n<\/div>\n<\/div>\n\n\n\n<p><\/p>\n","protected":false},"excerpt":{"rendered":"<p>Caf\u00e9 Karila Navettagalleria (Karila Barn Gallery &amp; Caf\u00e9) is a rustic caf\u00e9 on the edge of the national park. As its name suggests, the caf\u00e9 has been renovated into an old barn. The hay barn connected to the barn functions as both a caf\u00e9 and an art gallery with both changing exhibitions and permanent works. The pastries and food at Navettagalleria are made from high-quality ingredients on site: we bake donuts, savory and sweet pastries and pies every day. Our selection usually includes products made from gluten-free ingredients. Smoked reindeer soup is also available on the takeaway table. The soup, seasoned with Koskenlaskija cheese, is made from local reindeer meat and root vegetables. For vegans, we prepare lentil and coconut soup. The house specialty is whitefish kurniekka, which fish lovers will surely enjoy! We have a small shop in the caf\u00e9, where local \u2013 and also the house\u2019s own \u2013 handicrafts and herbal products are on sold. Annukka New hostess, handicraft Annukka and her family moved to her mother&#8217;s childhood home in \u00c4k\u00e4slompolo, at the foot of the fells, to continue the business her mother had founded here in Karila. Drop in for coffee Being outside sure makes you hungry. The caf\u00e9 in the Barn Gallery offers relief for both larger and smaller hunger pangs.Our menu Dining with a larger group You can also book the Barn Gallery for yourself. Upon request, we can arrange meals and coffee breaks for groups of 10\u201325 people according to your wishes.Our options Our food comes from nearby Produce from our own yard, wild food, and local reindeer and fish are all found in our menu.More about our ingredients Eat by the fire We have arranged additional space for the caf\u00e9 in a kota set up in the yard. You can make a fire in the kota and enjoy the caf\u00e9&#8217;s products.Terms of use for the kota<\/p>\n","protected":false},"author":2,"featured_media":429,"parent":0,"menu_order":0,"comment_status":"closed","ping_status":"closed","template":"","meta":{"om_disable_all_campaigns":false,"_monsterinsights_skip_tracking":false,"_monsterinsights_sitenote_active":false,"_monsterinsights_sitenote_note":"","_monsterinsights_sitenote_category":0,"footnotes":""},"class_list":["post-428","page","type-page","status-publish","has-post-thumbnail","hentry"],"aioseo_notices":[],"acf":[],"_links":{"self":[{"href":"https:\/\/karilantila.fi\/en\/wp-json\/wp\/v2\/pages\/428","targetHints":{"allow":["GET"]}}],"collection":[{"href":"https:\/\/karilantila.fi\/en\/wp-json\/wp\/v2\/pages"}],"about":[{"href":"https:\/\/karilantila.fi\/en\/wp-json\/wp\/v2\/types\/page"}],"author":[{"embeddable":true,"href":"https:\/\/karilantila.fi\/en\/wp-json\/wp\/v2\/users\/2"}],"replies":[{"embeddable":true,"href":"https:\/\/karilantila.fi\/en\/wp-json\/wp\/v2\/comments?post=428"}],"version-history":[{"count":3,"href":"https:\/\/karilantila.fi\/en\/wp-json\/wp\/v2\/pages\/428\/revisions"}],"predecessor-version":[{"id":645,"href":"https:\/\/karilantila.fi\/en\/wp-json\/wp\/v2\/pages\/428\/revisions\/645"}],"wp:featuredmedia":[{"embeddable":true,"href":"https:\/\/karilantila.fi\/en\/wp-json\/wp\/v2\/media\/429"}],"wp:attachment":[{"href":"https:\/\/karilantila.fi\/en\/wp-json\/wp\/v2\/media?parent=428"}],"curies":[{"name":"wp","href":"https:\/\/api.w.org\/{rel}","templated":true}]}}