{"id":453,"date":"2026-02-04T19:41:13","date_gmt":"2026-02-04T17:41:13","guid":{"rendered":"https:\/\/karilantila.fi\/cafe\/kota\/"},"modified":"2026-03-04T10:08:51","modified_gmt":"2026-03-04T08:08:51","slug":"kota","status":"publish","type":"page","link":"https:\/\/karilantila.fi\/en\/cafe\/kota\/","title":{"rendered":"Let&#8217;s sit by the fire in the kota"},"content":{"rendered":"\n<p>There is also a kota (tipi) in the courtyard of Karila Navettagalleria. The kota is private and is available to our customers during the caf\u00e9&#8217;s opening hours and as an additional space if the caf\u00e9 is busy. <\/p>\n\n\n\n<p>You can have a fire in the kota and enjoy the <a href=\"https:\/\/karilantila.fi\/en\/cafe\/menu\/\" title=\"Food and pastries, made with love\">caf\u00e9&#8217;s products<\/a> \u2013 except alcoholic beverages. Our alcohol license does not extend to the kota. <\/p>\n\n\n\n<p>We don&#8217;t mind if you grill your own sausages there, as long as you use the caf\u00e9&#8217;s services. <\/p>\n\n\n\n<p>We maintain the kota&#8217;s wood supply, so it&#8217;s worth mentioning to the staff, to avoid misunderstandings, that you&#8217;re setting up a fire in the kota. <\/p>\n\n\n\n<p>If you want to use the kota at other times, you must agree with the staff. Firewood can be purchased from the caf\u00e9 for an additional fee. <\/p>\n\n\n\n<p>If you want to have a bonfire in the kota without being a caf\u00e9 customer, you must agree with the caf\u00e9&#8217;s staff and buy the logs you need. \u20ac10 \/ time (approx. hour). <\/p>\n\n\n\n<p>For the winter of 2026 \u2013 2027, a wooden hut will be erected near <a href=\"https:\/\/karilantila.fi\/en\/karila-farm\/lehon-torppa\/\" title=\"Lehon Torppa, 100 years of family history\">Lehon Torpa<\/a>, which will be rented for viewing the northern lights or other evening programs.<\/p>\n\n\n\n<p><\/p>\n","protected":false},"excerpt":{"rendered":"<p>There is also a kota (tipi) in the courtyard of Karila Navettagalleria. The kota is private and is available to our customers during the caf\u00e9&#8217;s opening hours and as an additional space if the caf\u00e9 is busy. You can have a fire in the kota and enjoy the caf\u00e9&#8217;s products \u2013 except alcoholic beverages. Our alcohol license does not extend to the kota. We don&#8217;t mind if you grill your own sausages there, as long as you use the caf\u00e9&#8217;s services. We maintain the kota&#8217;s wood supply, so it&#8217;s worth mentioning to the staff, to avoid misunderstandings, that you&#8217;re setting up a fire in the kota. If you want to use the kota at other times, you must agree with the staff. Firewood can be purchased from the caf\u00e9 for an additional fee. If you want to have a bonfire in the kota without being a caf\u00e9 customer, you must agree with the caf\u00e9&#8217;s staff and buy the logs you need. \u20ac10 \/ time (approx. hour). For the winter of 2026 \u2013 2027, a wooden hut will be erected near Lehon Torpa, which will be rented for viewing the northern lights or other evening programs.<\/p>\n","protected":false},"author":2,"featured_media":417,"parent":428,"menu_order":0,"comment_status":"closed","ping_status":"closed","template":"","meta":{"om_disable_all_campaigns":false,"_monsterinsights_skip_tracking":false,"_monsterinsights_sitenote_active":false,"_monsterinsights_sitenote_note":"","_monsterinsights_sitenote_category":0,"footnotes":""},"class_list":["post-453","page","type-page","status-publish","has-post-thumbnail","hentry"],"aioseo_notices":[],"acf":[],"_links":{"self":[{"href":"https:\/\/karilantila.fi\/en\/wp-json\/wp\/v2\/pages\/453","targetHints":{"allow":["GET"]}}],"collection":[{"href":"https:\/\/karilantila.fi\/en\/wp-json\/wp\/v2\/pages"}],"about":[{"href":"https:\/\/karilantila.fi\/en\/wp-json\/wp\/v2\/types\/page"}],"author":[{"embeddable":true,"href":"https:\/\/karilantila.fi\/en\/wp-json\/wp\/v2\/users\/2"}],"replies":[{"embeddable":true,"href":"https:\/\/karilantila.fi\/en\/wp-json\/wp\/v2\/comments?post=453"}],"version-history":[{"count":3,"href":"https:\/\/karilantila.fi\/en\/wp-json\/wp\/v2\/pages\/453\/revisions"}],"predecessor-version":[{"id":668,"href":"https:\/\/karilantila.fi\/en\/wp-json\/wp\/v2\/pages\/453\/revisions\/668"}],"up":[{"embeddable":true,"href":"https:\/\/karilantila.fi\/en\/wp-json\/wp\/v2\/pages\/428"}],"wp:featuredmedia":[{"embeddable":true,"href":"https:\/\/karilantila.fi\/en\/wp-json\/wp\/v2\/media\/417"}],"wp:attachment":[{"href":"https:\/\/karilantila.fi\/en\/wp-json\/wp\/v2\/media?parent=453"}],"curies":[{"name":"wp","href":"https:\/\/api.w.org\/{rel}","templated":true}]}}