{"id":472,"date":"2026-02-05T22:32:18","date_gmt":"2026-02-05T20:32:18","guid":{"rendered":"https:\/\/karilantila.fi\/karilan-tila\/"},"modified":"2026-03-02T19:46:47","modified_gmt":"2026-03-02T17:46:47","slug":"karila-farm","status":"publish","type":"page","link":"https:\/\/karilantila.fi\/en\/karila-farm\/","title":{"rendered":"Karila Farm, a piece of \u00c4k\u00e4slompolo history"},"content":{"rendered":"\n<p>Karila Farm was founded in 1953 as a farm for front-line soldiers.<\/p>\n\n\n\n<div class=\"wp-block-columns is-layout-flex wp-container-core-columns-is-layout-9d6595d7 wp-block-columns-is-layout-flex\">\n<div class=\"wp-block-column is-layout-flow wp-block-column-is-layout-flow\">\n<figure class=\"wp-block-image size-full\"><img loading=\"lazy\" decoding=\"async\" width=\"700\" height=\"700\" src=\"https:\/\/karilantila.fi\/wp-content\/uploads\/2026\/02\/Lahja-ja-Heino-Kaulanen.jpg\" alt=\"\" class=\"wp-image-211\" style=\"aspect-ratio:1;object-fit:cover\" srcset=\"https:\/\/karilantila.fi\/wp-content\/uploads\/2026\/02\/Lahja-ja-Heino-Kaulanen.jpg 700w, https:\/\/karilantila.fi\/wp-content\/uploads\/2026\/02\/Lahja-ja-Heino-Kaulanen-300x300.jpg 300w, https:\/\/karilantila.fi\/wp-content\/uploads\/2026\/02\/Lahja-ja-Heino-Kaulanen-150x150.jpg 150w, https:\/\/karilantila.fi\/wp-content\/uploads\/2026\/02\/Lahja-ja-Heino-Kaulanen-75x75.jpg 75w\" sizes=\"auto, (max-width: 700px) 100vw, 700px\" \/><\/figure>\n\n\n\n<p class=\"has-text-align-right has-small-font-size\"><em>Heino and Lahja Kaulanen<\/em><\/p>\n<\/div>\n\n\n\n<div class=\"wp-block-column is-layout-flow wp-block-column-is-layout-flow\">\n<figure class=\"wp-block-image size-full\"><img loading=\"lazy\" decoding=\"async\" width=\"423\" height=\"423\" src=\"https:\/\/karilantila.fi\/wp-content\/uploads\/2026\/02\/Karilan-Perhe-50-luku-1.jpg\" alt=\"\" class=\"wp-image-210\" srcset=\"https:\/\/karilantila.fi\/wp-content\/uploads\/2026\/02\/Karilan-Perhe-50-luku-1.jpg 423w, https:\/\/karilantila.fi\/wp-content\/uploads\/2026\/02\/Karilan-Perhe-50-luku-1-300x300.jpg 300w, https:\/\/karilantila.fi\/wp-content\/uploads\/2026\/02\/Karilan-Perhe-50-luku-1-150x150.jpg 150w, https:\/\/karilantila.fi\/wp-content\/uploads\/2026\/02\/Karilan-Perhe-50-luku-1-75x75.jpg 75w\" sizes=\"auto, (max-width: 423px) 100vw, 423px\" \/><\/figure>\n\n\n\n<p class=\"has-text-align-right has-small-font-size\"><em>The Kaulanen family<\/em><\/p>\n<\/div>\n\n\n\n<div class=\"wp-block-column is-layout-flow wp-block-column-is-layout-flow\">\n<figure class=\"wp-block-image size-full\"><img loading=\"lazy\" decoding=\"async\" width=\"714\" height=\"700\" src=\"https:\/\/karilantila.fi\/wp-content\/uploads\/2026\/02\/isa-ja-lea.jpg\" alt=\"\" class=\"wp-image-209\" style=\"aspect-ratio:1;object-fit:cover\" srcset=\"https:\/\/karilantila.fi\/wp-content\/uploads\/2026\/02\/isa-ja-lea.jpg 714w, https:\/\/karilantila.fi\/wp-content\/uploads\/2026\/02\/isa-ja-lea-300x294.jpg 300w, https:\/\/karilantila.fi\/wp-content\/uploads\/2026\/02\/isa-ja-lea-75x75.jpg 75w\" sizes=\"auto, (max-width: 714px) 100vw, 714px\" \/><\/figure>\n\n\n\n<p class=\"has-text-align-right has-small-font-size\"><em>Lea and her father<\/em><\/p>\n<\/div>\n<\/div>\n\n\n\n<p>Heino and Lahja Kaulanen moved to Karila, located on the northern edge of the village, with their four children. They had a few cows and a horse in the barn. The horse was the family&#8217;s only means of transportation and work machine, as at that time there was not even a road to the village.<\/p>\n\n\n\n<div class=\"wp-block-columns is-layout-flex wp-container-core-columns-is-layout-9d6595d7 wp-block-columns-is-layout-flex\">\n<div class=\"wp-block-column is-layout-flow wp-block-column-is-layout-flow\">\n<figure class=\"wp-block-image size-full\"><img loading=\"lazy\" decoding=\"async\" width=\"700\" height=\"700\" src=\"https:\/\/karilantila.fi\/wp-content\/uploads\/2026\/02\/Karilan-lehmat.jpg\" alt=\"\" class=\"wp-image-265\" srcset=\"https:\/\/karilantila.fi\/wp-content\/uploads\/2026\/02\/Karilan-lehmat.jpg 700w, https:\/\/karilantila.fi\/wp-content\/uploads\/2026\/02\/Karilan-lehmat-300x300.jpg 300w, https:\/\/karilantila.fi\/wp-content\/uploads\/2026\/02\/Karilan-lehmat-150x150.jpg 150w, https:\/\/karilantila.fi\/wp-content\/uploads\/2026\/02\/Karilan-lehmat-75x75.jpg 75w\" sizes=\"auto, (max-width: 700px) 100vw, 700px\" \/><\/figure>\n\n\n\n<p class=\"has-text-align-left has-small-font-size\"><em>The cows in Karila<\/em><\/p>\n<\/div>\n\n\n\n<div class=\"wp-block-column is-layout-flow wp-block-column-is-layout-flow\">\n<figure class=\"wp-block-image size-full\"><img loading=\"lazy\" decoding=\"async\" width=\"700\" height=\"700\" src=\"https:\/\/karilantila.fi\/wp-content\/uploads\/2026\/02\/Karilan-isanta.jpg\" alt=\"\" class=\"wp-image-266\" srcset=\"https:\/\/karilantila.fi\/wp-content\/uploads\/2026\/02\/Karilan-isanta.jpg 700w, https:\/\/karilantila.fi\/wp-content\/uploads\/2026\/02\/Karilan-isanta-300x300.jpg 300w, https:\/\/karilantila.fi\/wp-content\/uploads\/2026\/02\/Karilan-isanta-150x150.jpg 150w, https:\/\/karilantila.fi\/wp-content\/uploads\/2026\/02\/Karilan-isanta-75x75.jpg 75w\" sizes=\"auto, (max-width: 700px) 100vw, 700px\" \/><\/figure>\n\n\n\n<p class=\"has-text-align-left has-small-font-size\"><em>Heino and his horse<\/em><\/p>\n<\/div>\n\n\n\n<div class=\"wp-block-column is-layout-flow wp-block-column-is-layout-flow\">\n<figure class=\"wp-block-image size-full\"><img loading=\"lazy\" decoding=\"async\" width=\"700\" height=\"700\" src=\"https:\/\/karilantila.fi\/wp-content\/uploads\/2026\/02\/Karilan-hevonen.jpg\" alt=\"\" class=\"wp-image-267\" srcset=\"https:\/\/karilantila.fi\/wp-content\/uploads\/2026\/02\/Karilan-hevonen.jpg 700w, https:\/\/karilantila.fi\/wp-content\/uploads\/2026\/02\/Karilan-hevonen-300x300.jpg 300w, https:\/\/karilantila.fi\/wp-content\/uploads\/2026\/02\/Karilan-hevonen-150x150.jpg 150w, https:\/\/karilantila.fi\/wp-content\/uploads\/2026\/02\/Karilan-hevonen-75x75.jpg 75w\" sizes=\"auto, (max-width: 700px) 100vw, 700px\" \/><\/figure>\n\n\n\n<p class=\"has-text-align-left has-small-font-size\"><em>Horse at Karila farm<\/em><\/p>\n<\/div>\n<\/div>\n\n\n\n<p>From the beginning, tourism was part of the family&#8217;s livelihood, and tourists were accommodated in the farm&#8217;s main house. Lahja-m\u00e4nt\u00e4 prepared food for the guests in the farm&#8217;s kitchen. The same was done in other houses in the village.<\/p>\n\n\n\n<div class=\"wp-block-columns is-layout-flex wp-container-core-columns-is-layout-9d6595d7 wp-block-columns-is-layout-flex\">\n<div class=\"wp-block-column is-layout-flow wp-block-column-is-layout-flow\">\n<figure class=\"wp-block-image size-full\"><img loading=\"lazy\" decoding=\"async\" width=\"629\" height=\"629\" src=\"https:\/\/karilantila.fi\/wp-content\/uploads\/2026\/02\/Hiihtokuva.jpg\" alt=\"\" class=\"wp-image-300\" srcset=\"https:\/\/karilantila.fi\/wp-content\/uploads\/2026\/02\/Hiihtokuva.jpg 629w, https:\/\/karilantila.fi\/wp-content\/uploads\/2026\/02\/Hiihtokuva-300x300.jpg 300w, https:\/\/karilantila.fi\/wp-content\/uploads\/2026\/02\/Hiihtokuva-150x150.jpg 150w, https:\/\/karilantila.fi\/wp-content\/uploads\/2026\/02\/Hiihtokuva-75x75.jpg 75w\" sizes=\"auto, (max-width: 629px) 100vw, 629px\" \/><\/figure>\n\n\n\n<p class=\"has-small-font-size\"><em>Skiing<\/em><\/p>\n<\/div>\n\n\n\n<div class=\"wp-block-column is-layout-flow wp-block-column-is-layout-flow\">\n<figure class=\"wp-block-image size-full\"><img loading=\"lazy\" decoding=\"async\" width=\"688\" height=\"688\" src=\"https:\/\/karilantila.fi\/wp-content\/uploads\/2026\/02\/Vieraskirja.jpg\" alt=\"\" class=\"wp-image-301\" srcset=\"https:\/\/karilantila.fi\/wp-content\/uploads\/2026\/02\/Vieraskirja.jpg 688w, https:\/\/karilantila.fi\/wp-content\/uploads\/2026\/02\/Vieraskirja-300x300.jpg 300w, https:\/\/karilantila.fi\/wp-content\/uploads\/2026\/02\/Vieraskirja-150x150.jpg 150w, https:\/\/karilantila.fi\/wp-content\/uploads\/2026\/02\/Vieraskirja-75x75.jpg 75w\" sizes=\"auto, (max-width: 688px) 100vw, 688px\" \/><\/figure>\n\n\n\n<p class=\"has-small-font-size\"><em>Guestbook<\/em><\/p>\n<\/div>\n\n\n\n<div class=\"wp-block-column is-layout-flow wp-block-column-is-layout-flow\">\n<figure class=\"wp-block-image size-full\"><img loading=\"lazy\" decoding=\"async\" width=\"700\" height=\"700\" src=\"https:\/\/karilantila.fi\/wp-content\/uploads\/2026\/02\/navetta.jpg\" alt=\"\" class=\"wp-image-302\" srcset=\"https:\/\/karilantila.fi\/wp-content\/uploads\/2026\/02\/navetta.jpg 700w, https:\/\/karilantila.fi\/wp-content\/uploads\/2026\/02\/navetta-300x300.jpg 300w, https:\/\/karilantila.fi\/wp-content\/uploads\/2026\/02\/navetta-150x150.jpg 150w, https:\/\/karilantila.fi\/wp-content\/uploads\/2026\/02\/navetta-75x75.jpg 75w\" sizes=\"auto, (max-width: 700px) 100vw, 700px\" \/><\/figure>\n\n\n\n<p class=\"has-small-font-size\"><em>Navettagalleria<\/em><\/p>\n<\/div>\n<\/div>\n\n\n\n<p>Now, decades later, the property still includes the surrounding fields and former buildings, which are renovated according to need and situation. <\/p>\n\n\n\n<p>There are no longer cows in the barn, nor horses, but in winter there are reindeer in the enclosure. In summer, Konij\u00e4nk\u00e4 horses graze in the fields and chickens and a black rooster crow in the yard.<\/p>\n\n\n\n<div class=\"wp-block-columns is-layout-flex wp-container-core-columns-is-layout-9d6595d7 wp-block-columns-is-layout-flex\">\n<div class=\"wp-block-column is-layout-flow wp-block-column-is-layout-flow\">\n<figure class=\"wp-block-image size-full\"><img loading=\"lazy\" decoding=\"async\" width=\"720\" height=\"720\" src=\"https:\/\/karilantila.fi\/wp-content\/uploads\/2026\/02\/poro2.jpg\" alt=\"\" class=\"wp-image-307\" srcset=\"https:\/\/karilantila.fi\/wp-content\/uploads\/2026\/02\/poro2.jpg 720w, https:\/\/karilantila.fi\/wp-content\/uploads\/2026\/02\/poro2-300x300.jpg 300w, https:\/\/karilantila.fi\/wp-content\/uploads\/2026\/02\/poro2-150x150.jpg 150w, https:\/\/karilantila.fi\/wp-content\/uploads\/2026\/02\/poro2-75x75.jpg 75w\" sizes=\"auto, (max-width: 720px) 100vw, 720px\" \/><\/figure>\n\n\n\n<p class=\"has-small-font-size\"><em>Reindeer in the winter<\/em><\/p>\n<\/div>\n\n\n\n<div class=\"wp-block-column is-layout-flow wp-block-column-is-layout-flow\">\n<figure class=\"wp-block-image size-full\"><img loading=\"lazy\" decoding=\"async\" width=\"700\" height=\"700\" src=\"https:\/\/karilantila.fi\/wp-content\/uploads\/2026\/02\/hevoset.jpg\" alt=\"\" class=\"wp-image-304\" srcset=\"https:\/\/karilantila.fi\/wp-content\/uploads\/2026\/02\/hevoset.jpg 700w, https:\/\/karilantila.fi\/wp-content\/uploads\/2026\/02\/hevoset-300x300.jpg 300w, https:\/\/karilantila.fi\/wp-content\/uploads\/2026\/02\/hevoset-150x150.jpg 150w, https:\/\/karilantila.fi\/wp-content\/uploads\/2026\/02\/hevoset-75x75.jpg 75w\" sizes=\"auto, (max-width: 700px) 100vw, 700px\" \/><\/figure>\n\n\n\n<p class=\"has-small-font-size\"><em>Konij\u00e4nk\u00e4&#8217;s horses in the summer<\/em><\/p>\n<\/div>\n\n\n\n<div class=\"wp-block-column is-layout-flow wp-block-column-is-layout-flow\">\n<figure class=\"wp-block-image size-full\"><img loading=\"lazy\" decoding=\"async\" width=\"607\" height=\"607\" src=\"https:\/\/karilantila.fi\/wp-content\/uploads\/2026\/02\/kanat.jpg\" alt=\"\" class=\"wp-image-305\" srcset=\"https:\/\/karilantila.fi\/wp-content\/uploads\/2026\/02\/kanat.jpg 607w, https:\/\/karilantila.fi\/wp-content\/uploads\/2026\/02\/kanat-300x300.jpg 300w, https:\/\/karilantila.fi\/wp-content\/uploads\/2026\/02\/kanat-150x150.jpg 150w, https:\/\/karilantila.fi\/wp-content\/uploads\/2026\/02\/kanat-75x75.jpg 75w\" sizes=\"auto, (max-width: 607px) 100vw, 607px\" \/><\/figure>\n\n\n\n<p class=\"has-small-font-size\"><em>Our chicken and rooster<\/em><\/p>\n<\/div>\n<\/div>\n\n\n\n<p>Karila farm, our home, invites you to stop, enjoy the experience of the idyllic courtyard and experience the connection between nature and creativity. The old barn and hayloft have been renovated into a cozy caf\u00e9 and gallery, and there are activities for all ages around the farm all year round.<\/p>\n\n\n\n<p><\/p>\n","protected":false},"excerpt":{"rendered":"<p>Karila Farm was founded in 1953 as a farm for front-line soldiers. Heino and Lahja Kaulanen The Kaulanen family Lea and her father Heino and Lahja Kaulanen moved to Karila, located on the northern edge of the village, with their four children. They had a few cows and a horse in the barn. The horse was the family&#8217;s only means of transportation and work machine, as at that time there was not even a road to the village. The cows in Karila Heino and his horse Horse at Karila farm From the beginning, tourism was part of the family&#8217;s livelihood, and tourists were accommodated in the farm&#8217;s main house. Lahja-m\u00e4nt\u00e4 prepared food for the guests in the farm&#8217;s kitchen. The same was done in other houses in the village. Skiing Guestbook Navettagalleria Now, decades later, the property still includes the surrounding fields and former buildings, which are renovated according to need and situation. There are no longer cows in the barn, nor horses, but in winter there are reindeer in the enclosure. In summer, Konij\u00e4nk\u00e4 horses graze in the fields and chickens and a black rooster crow in the yard. Reindeer in the winter Konij\u00e4nk\u00e4&#8217;s horses in the summer Our chicken and rooster Karila farm, our home, invites you to stop, enjoy the experience of the idyllic courtyard and experience the connection between nature and creativity. The old barn and hayloft have been renovated into a cozy caf\u00e9 and gallery, and there are activities for all ages around the farm all year round.<\/p>\n","protected":false},"author":2,"featured_media":474,"parent":0,"menu_order":0,"comment_status":"closed","ping_status":"closed","template":"","meta":{"om_disable_all_campaigns":false,"_monsterinsights_skip_tracking":false,"_monsterinsights_sitenote_active":false,"_monsterinsights_sitenote_note":"","_monsterinsights_sitenote_category":0,"footnotes":""},"class_list":["post-472","page","type-page","status-publish","has-post-thumbnail","hentry"],"aioseo_notices":[],"acf":[],"_links":{"self":[{"href":"https:\/\/karilantila.fi\/en\/wp-json\/wp\/v2\/pages\/472","targetHints":{"allow":["GET"]}}],"collection":[{"href":"https:\/\/karilantila.fi\/en\/wp-json\/wp\/v2\/pages"}],"about":[{"href":"https:\/\/karilantila.fi\/en\/wp-json\/wp\/v2\/types\/page"}],"author":[{"embeddable":true,"href":"https:\/\/karilantila.fi\/en\/wp-json\/wp\/v2\/users\/2"}],"replies":[{"embeddable":true,"href":"https:\/\/karilantila.fi\/en\/wp-json\/wp\/v2\/comments?post=472"}],"version-history":[{"count":4,"href":"https:\/\/karilantila.fi\/en\/wp-json\/wp\/v2\/pages\/472\/revisions"}],"predecessor-version":[{"id":650,"href":"https:\/\/karilantila.fi\/en\/wp-json\/wp\/v2\/pages\/472\/revisions\/650"}],"wp:featuredmedia":[{"embeddable":true,"href":"https:\/\/karilantila.fi\/en\/wp-json\/wp\/v2\/media\/474"}],"wp:attachment":[{"href":"https:\/\/karilantila.fi\/en\/wp-json\/wp\/v2\/media?parent=472"}],"curies":[{"name":"wp","href":"https:\/\/api.w.org\/{rel}","templated":true}]}}