{"id":506,"date":"2026-02-05T23:18:47","date_gmt":"2026-02-05T21:18:47","guid":{"rendered":"https:\/\/karilantila.fi\/karilan-tila\/lehon-torppa\/"},"modified":"2026-03-02T19:48:49","modified_gmt":"2026-03-02T17:48:49","slug":"lehon-torppa","status":"publish","type":"page","link":"https:\/\/karilantila.fi\/en\/karila-farm\/lehon-torppa\/","title":{"rendered":"Lehon Torppa, 100 years of family history"},"content":{"rendered":"\n<p>Lehon Torppa (croft) was the home of the Hille and Saima Kaulanen family about a hundred years ago. Saima gave birth to a total of nine children, of whom seven survived. The second oldest son, Heino Kaulanen, founded the <a href=\"https:\/\/karilantila.fi\/en\/karila-farm\/\" title=\"Karila Farm, a piece of \u00c4k\u00e4slompolo history\">Karila farm<\/a> with his wife in 1953.<\/p>\n\n\n\n<p>Lehon Torppa was then located in the middle of the \u00c4k\u00e4slompolo village on the Lehon farm (next to Yll\u00e4sHumina). At that time, there were only a few houses in the village, and there was no road to the village. Journeys were made on foot or by reindeer. Some houses also had a horse. <\/p>\n\n\n\n<p>Back then, a hundred years ago, the people of the village helped each other with all everyday matters, because a doctor, a midwife and other help offered by society were far away. <\/p>\n\n\n\n<p>Hille and Saima&#8217;s home was very poor, but the children still remembered that their home was happy. There were two cows in the house, from which milk was provided well into the autumn. In the winter, Saima stayed home alone to take care of the children and cows, because the father of the house, Hille, was at the logging company and away from home for long periods of time.<\/p>\n\n\n\n<div class=\"wp-block-columns is-layout-flex wp-container-core-columns-is-layout-9d6595d7 wp-block-columns-is-layout-flex\">\n<div class=\"wp-block-column is-layout-flow wp-block-column-is-layout-flow\">\n<figure class=\"wp-block-image size-full\"><img loading=\"lazy\" decoding=\"async\" width=\"459\" height=\"459\" src=\"https:\/\/karilantila.fi\/wp-content\/uploads\/2026\/02\/Lehon-torppa.jpg\" alt=\"\" class=\"wp-image-215\" srcset=\"https:\/\/karilantila.fi\/wp-content\/uploads\/2026\/02\/Lehon-torppa.jpg 459w, https:\/\/karilantila.fi\/wp-content\/uploads\/2026\/02\/Lehon-torppa-300x300.jpg 300w, https:\/\/karilantila.fi\/wp-content\/uploads\/2026\/02\/Lehon-torppa-150x150.jpg 150w, https:\/\/karilantila.fi\/wp-content\/uploads\/2026\/02\/Lehon-torppa-75x75.jpg 75w\" sizes=\"auto, (max-width: 459px) 100vw, 459px\" \/><\/figure>\n\n\n\n<p class=\"has-small-font-size\"><em>Cottage on Lehon Farm<\/em><\/p>\n<\/div>\n\n\n\n<div class=\"wp-block-column is-layout-flow wp-block-column-is-layout-flow\">\n<figure class=\"wp-block-image size-full\"><img loading=\"lazy\" decoding=\"async\" width=\"459\" height=\"459\" src=\"https:\/\/karilantila.fi\/wp-content\/uploads\/2026\/02\/Hille-ja-Saima-Kaulanen.jpg\" alt=\"\" class=\"wp-image-216\" srcset=\"https:\/\/karilantila.fi\/wp-content\/uploads\/2026\/02\/Hille-ja-Saima-Kaulanen.jpg 459w, https:\/\/karilantila.fi\/wp-content\/uploads\/2026\/02\/Hille-ja-Saima-Kaulanen-300x300.jpg 300w, https:\/\/karilantila.fi\/wp-content\/uploads\/2026\/02\/Hille-ja-Saima-Kaulanen-150x150.jpg 150w, https:\/\/karilantila.fi\/wp-content\/uploads\/2026\/02\/Hille-ja-Saima-Kaulanen-75x75.jpg 75w\" sizes=\"auto, (max-width: 459px) 100vw, 459px\" \/><\/figure>\n\n\n\n<p class=\"has-small-font-size\"><em>Hille and Saima Kaulanen<\/em><\/p>\n<\/div>\n\n\n\n<div class=\"wp-block-column is-layout-flow wp-block-column-is-layout-flow\">\n<figure class=\"wp-block-image size-full\"><img loading=\"lazy\" decoding=\"async\" width=\"700\" height=\"700\" src=\"https:\/\/karilantila.fi\/wp-content\/uploads\/2026\/02\/Tulet-Lehon-torpassa.jpg\" alt=\"\" class=\"wp-image-217\" srcset=\"https:\/\/karilantila.fi\/wp-content\/uploads\/2026\/02\/Tulet-Lehon-torpassa.jpg 700w, https:\/\/karilantila.fi\/wp-content\/uploads\/2026\/02\/Tulet-Lehon-torpassa-300x300.jpg 300w, https:\/\/karilantila.fi\/wp-content\/uploads\/2026\/02\/Tulet-Lehon-torpassa-150x150.jpg 150w, https:\/\/karilantila.fi\/wp-content\/uploads\/2026\/02\/Tulet-Lehon-torpassa-75x75.jpg 75w\" sizes=\"auto, (max-width: 700px) 100vw, 700px\" \/><\/figure>\n\n\n\n<p class=\"has-small-font-size\"><em>New fireplace in Lehon Torppa<\/em><\/p>\n<\/div>\n<\/div>\n\n\n\n<p>In the corner of the croft there was an oven and a stove, where food was prepared and water was heated. However, in winter it was often so cold that the water froze in the container at night. The first task on a winter morning was to light a fire in the stove. Light was obtained from shingles. They also had some kind of oil lamp, but lamp oil was so expensive that it was not usually used in everyday chores. When Saima carried hay for the cows in the darkness of winter, she held a shingle in her teeth. There was also no well and water for the household needs was carried from the lake. Of course, snow could also be melted in winter. <\/p>\n\n\n\n<p>The family faced great sorrow and adversity when Saima fell ill with cancer and died at the age of just over 30. After her mother died, the eldest daughter, ten-year-old Anja, was left to do her mother&#8217;s work. She had to learn to bake, cook and look after the cows. Fortunately, there was a neighbor nearby, Kent\u00e4 House, from which help was usually available and of course that help was often needed. When the family&#8217;s mother died, my father was only 12 years old and the older brother Armas was 14. The youngest, 2-year-old Esko, was given to be raised by my mother&#8217;s brother in the village of Sieppij\u00e4rvi. But the family still had a 3-year-old daughter, Milja. Other younger siblings were the boys Toivo and Aatos. <\/p>\n\n\n\n<p>Lehon Torppa has now been moved to Karila, on the edge of a field.<\/p>\n\n\n\n<div class=\"wp-block-columns is-layout-flex wp-container-core-columns-is-layout-9d6595d7 wp-block-columns-is-layout-flex\">\n<div class=\"wp-block-column is-layout-flow wp-block-column-is-layout-flow\">\n<figure class=\"wp-block-image size-large\"><img loading=\"lazy\" decoding=\"async\" width=\"1024\" height=\"394\" src=\"https:\/\/karilantila.fi\/wp-content\/uploads\/2026\/02\/Yrttitarha-1024x394.jpg\" alt=\"\" class=\"wp-image-219\" srcset=\"https:\/\/karilantila.fi\/wp-content\/uploads\/2026\/02\/Yrttitarha-1024x394.jpg 1024w, https:\/\/karilantila.fi\/wp-content\/uploads\/2026\/02\/Yrttitarha-300x115.jpg 300w, https:\/\/karilantila.fi\/wp-content\/uploads\/2026\/02\/Yrttitarha-768x295.jpg 768w, https:\/\/karilantila.fi\/wp-content\/uploads\/2026\/02\/Yrttitarha-1140x438.jpg 1140w, https:\/\/karilantila.fi\/wp-content\/uploads\/2026\/02\/Yrttitarha.jpg 1300w\" sizes=\"auto, (max-width: 1024px) 100vw, 1024px\" \/><\/figure>\n\n\n\n<h3 class=\"wp-block-heading\">Semi-wild herb garden<\/h3>\n\n\n\n<p>The world of wild herbs offers a gateway to the wisdom of ancient people and the world of ancient herbs.<br><a href=\"https:\/\/karilantila.fi\/en\/karila-farm\/semi-wild-herb-garden\/\" title=\"Semi-wild herb garden\">Check out our herb garden<\/a><\/p>\n<\/div>\n\n\n\n<div class=\"wp-block-column is-layout-flow wp-block-column-is-layout-flow\">\n<figure class=\"wp-block-image size-large\"><img loading=\"lazy\" decoding=\"async\" width=\"1024\" height=\"394\" src=\"https:\/\/karilantila.fi\/wp-content\/uploads\/2026\/02\/Akaslompolo-1024x394.jpg\" alt=\"\" class=\"wp-image-218\" srcset=\"https:\/\/karilantila.fi\/wp-content\/uploads\/2026\/02\/Akaslompolo-1024x394.jpg 1024w, https:\/\/karilantila.fi\/wp-content\/uploads\/2026\/02\/Akaslompolo-300x115.jpg 300w, https:\/\/karilantila.fi\/wp-content\/uploads\/2026\/02\/Akaslompolo-768x295.jpg 768w, https:\/\/karilantila.fi\/wp-content\/uploads\/2026\/02\/Akaslompolo-1140x438.jpg 1140w, https:\/\/karilantila.fi\/wp-content\/uploads\/2026\/02\/Akaslompolo.jpg 1300w\" sizes=\"auto, (max-width: 1024px) 100vw, 1024px\" \/><\/figure>\n\n\n\n<h3 class=\"wp-block-heading\">More about our village history<\/h3>\n\n\n\n<p>You can find more stories about the history of the village of \u00c4k\u00e4slompolo along the 8.5-kilometer story trail.<br><a href=\"https:\/\/www.\u00e4k\u00e4slompolo.fi\/tarinapolku.html\" target=\"_blank\" rel=\"noreferrer noopener\">\u00c4k\u00e4slompolon story trail<\/a> (FIN)<br><\/p>\n<\/div>\n<\/div>\n\n\n\n<p><\/p>\n","protected":false},"excerpt":{"rendered":"<p>Lehon Torppa (croft) was the home of the Hille and Saima Kaulanen family about a hundred years ago. Saima gave birth to a total of nine children, of whom seven survived. The second oldest son, Heino Kaulanen, founded the Karila farm with his wife in 1953. Lehon Torppa was then located in the middle of the \u00c4k\u00e4slompolo village on the Lehon farm (next to Yll\u00e4sHumina). At that time, there were only a few houses in the village, and there was no road to the village. Journeys were made on foot or by reindeer. Some houses also had a horse. Back then, a hundred years ago, the people of the village helped each other with all everyday matters, because a doctor, a midwife and other help offered by society were far away. Hille and Saima&#8217;s home was very poor, but the children still remembered that their home was happy. There were two cows in the house, from which milk was provided well into the autumn. In the winter, Saima stayed home alone to take care of the children and cows, because the father of the house, Hille, was at the logging company and away from home for long periods of time. Cottage on Lehon Farm Hille and Saima Kaulanen New fireplace in Lehon Torppa In the corner of the croft there was an oven and a stove, where food was prepared and water was heated. However, in winter it was often so cold that the water froze in the container at night. The first task on a winter morning was to light a fire in the stove. Light was obtained from shingles. They also had some kind of oil lamp, but lamp oil was so expensive that it was not usually used in everyday chores. When Saima carried hay for the cows in the darkness of winter, she held a shingle in her teeth. There was also no well and water for the household needs was carried from the lake. Of course, snow could also be melted in winter. The family faced great sorrow and adversity when Saima fell ill with cancer and died at the age of just over 30. After her mother died, the eldest daughter, ten-year-old Anja, was left to do her mother&#8217;s work. She had to learn to bake, cook and look after the cows. Fortunately, there was a neighbor nearby, Kent\u00e4 House, from which help was usually available and of course that help was often needed. When the family&#8217;s mother died, my father was only 12 years old and the older brother Armas was 14. The youngest, 2-year-old Esko, was given to be raised by my mother&#8217;s brother in the village of Sieppij\u00e4rvi. But the family still had a 3-year-old daughter, Milja. Other younger siblings were the boys Toivo and Aatos. Lehon Torppa has now been moved to Karila, on the edge of a field. Semi-wild herb garden The world of wild herbs offers a gateway to the wisdom of ancient people and the world of ancient herbs.Check out our herb garden More about our village history You can find more stories about the history of the village of \u00c4k\u00e4slompolo along the 8.5-kilometer story trail.\u00c4k\u00e4slompolon story trail (FIN)<\/p>\n","protected":false},"author":2,"featured_media":507,"parent":472,"menu_order":0,"comment_status":"closed","ping_status":"closed","template":"","meta":{"om_disable_all_campaigns":false,"_monsterinsights_skip_tracking":false,"_monsterinsights_sitenote_active":false,"_monsterinsights_sitenote_note":"","_monsterinsights_sitenote_category":0,"footnotes":""},"class_list":["post-506","page","type-page","status-publish","has-post-thumbnail","hentry"],"aioseo_notices":[],"acf":[],"_links":{"self":[{"href":"https:\/\/karilantila.fi\/en\/wp-json\/wp\/v2\/pages\/506","targetHints":{"allow":["GET"]}}],"collection":[{"href":"https:\/\/karilantila.fi\/en\/wp-json\/wp\/v2\/pages"}],"about":[{"href":"https:\/\/karilantila.fi\/en\/wp-json\/wp\/v2\/types\/page"}],"author":[{"embeddable":true,"href":"https:\/\/karilantila.fi\/en\/wp-json\/wp\/v2\/users\/2"}],"replies":[{"embeddable":true,"href":"https:\/\/karilantila.fi\/en\/wp-json\/wp\/v2\/comments?post=506"}],"version-history":[{"count":3,"href":"https:\/\/karilantila.fi\/en\/wp-json\/wp\/v2\/pages\/506\/revisions"}],"predecessor-version":[{"id":651,"href":"https:\/\/karilantila.fi\/en\/wp-json\/wp\/v2\/pages\/506\/revisions\/651"}],"up":[{"embeddable":true,"href":"https:\/\/karilantila.fi\/en\/wp-json\/wp\/v2\/pages\/472"}],"wp:featuredmedia":[{"embeddable":true,"href":"https:\/\/karilantila.fi\/en\/wp-json\/wp\/v2\/media\/507"}],"wp:attachment":[{"href":"https:\/\/karilantila.fi\/en\/wp-json\/wp\/v2\/media?parent=506"}],"curies":[{"name":"wp","href":"https:\/\/api.w.org\/{rel}","templated":true}]}}