{"id":540,"date":"2026-02-04T22:19:23","date_gmt":"2026-02-04T20:19:23","guid":{"rendered":"https:\/\/karilantila.fi\/navettagalleria\/kasityot-ja-luonnontuotteet\/"},"modified":"2026-03-02T20:03:38","modified_gmt":"2026-03-02T18:03:38","slug":"handicraft","status":"publish","type":"page","link":"https:\/\/karilantila.fi\/en\/navettagalleria\/handicraft\/","title":{"rendered":"Handicrafts and natural products"},"content":{"rendered":"\n<div class=\"wp-block-columns is-layout-flex wp-container-core-columns-is-layout-9d6595d7 wp-block-columns-is-layout-flex\">\n<div class=\"wp-block-column is-layout-flow wp-block-column-is-layout-flow\" style=\"flex-basis:66.66%\">\n<p>The people of Karila also make all kinds of handicrafts and natural products outside of working at the caf\u00e9. <\/p>\n\n\n\n<p>Signe knits wonderfully warm mittens, makes Lappish drums and collects herbs for her own tea blends. <\/p>\n\n\n\n<p>Annukka sews merino wool beanies, neck warmers and balaclavas in her quieter time. <\/p>\n\n\n\n<p>Lea, on the other hand, makes dolls and processes the produce from the semi-wild herb garden into Spirit of \u00c4k\u00e4slompolo products.<\/p>\n\n\n\n<figure class=\"wp-block-image size-large\"><img loading=\"lazy\" decoding=\"async\" width=\"1024\" height=\"435\" src=\"https:\/\/karilantila.fi\/wp-content\/uploads\/2026\/02\/spirit-of-akaslompolo-1024x435.jpg\" alt=\"\" class=\"wp-image-296\" srcset=\"https:\/\/karilantila.fi\/wp-content\/uploads\/2026\/02\/spirit-of-akaslompolo-1024x435.jpg 1024w, https:\/\/karilantila.fi\/wp-content\/uploads\/2026\/02\/spirit-of-akaslompolo-300x128.jpg 300w, https:\/\/karilantila.fi\/wp-content\/uploads\/2026\/02\/spirit-of-akaslompolo-768x327.jpg 768w, https:\/\/karilantila.fi\/wp-content\/uploads\/2026\/02\/spirit-of-akaslompolo.jpg 1030w\" sizes=\"auto, (max-width: 1024px) 100vw, 1024px\" \/><\/figure>\n\n\n\n<p><span class=\"HwtZe\" lang=\"en\"><span class=\"jCAhz ChMk0b\"><span class=\"ryNqvb\">Karila Farm grows herbs such as <strong>mint<\/strong>, <strong>nettle<\/strong>, <strong>yarrow<\/strong>, and other herbs are collected from the surrounding area.<\/span><\/span> <span class=\"jCAhz ChMk0b\"><span class=\"ryNqvb\">Products are made from the herbs to be sold at the Navettagalleria caf\u00e9.<br><br>Other products are also made from herbs, berries, and mushrooms, such as <strong>matsutake salt<\/strong>, <strong>juniper berry salt<\/strong>, <strong>rose<\/strong>-, <strong>elderberry-<\/strong>, and <strong>mint sugar<\/strong>.<\/span><\/span><\/span><\/p>\n<\/div>\n\n\n\n<div class=\"wp-block-column is-layout-flow wp-block-column-is-layout-flow\" style=\"flex-basis:33.33%\">\n<figure class=\"wp-block-image size-full\"><img loading=\"lazy\" decoding=\"async\" width=\"500\" height=\"500\" src=\"https:\/\/karilantila.fi\/wp-content\/uploads\/2026\/02\/Signe-portrait.jpg\" alt=\"\" class=\"wp-image-157\" srcset=\"https:\/\/karilantila.fi\/wp-content\/uploads\/2026\/02\/Signe-portrait.jpg 500w, https:\/\/karilantila.fi\/wp-content\/uploads\/2026\/02\/Signe-portrait-300x300.jpg 300w, https:\/\/karilantila.fi\/wp-content\/uploads\/2026\/02\/Signe-portrait-150x150.jpg 150w, https:\/\/karilantila.fi\/wp-content\/uploads\/2026\/02\/Signe-portrait-75x75.jpg 75w\" sizes=\"auto, (max-width: 500px) 100vw, 500px\" \/><\/figure>\n\n\n\n<h4 class=\"wp-block-heading has-text-align-center\">Signe<\/h4>\n\n\n\n<p class=\"has-text-align-center\"><em>Caf\u00e9 worker, handicrafts, natural products<\/em><\/p>\n\n\n\n<p>Signe is our longest-serving employee. Signe and Sami (Lea\u2019s son) met twelve years ago in Tivoli, Finland, where they were both working summer jobs at the time. They now live in \u00c4k\u00e4slompo with their three-year-old son Heino. Signe is therefore the daughter-in-law of the house.<\/p>\n<\/div>\n<\/div>\n\n\n\n<h2 class=\"wp-block-heading\">Small shop within the caf\u00e9<\/h2>\n\n\n\n<p>We have a small shop within the <a href=\"https:\/\/karilantila.fi\/en\/cafe\/\" title=\"A caf\u00e9 and gallery in an old bard\">caf\u00e9<\/a>, where we display local \u2013 and also our own \u2013 handicrafts and herbal products. For sale are warm mittens and colorful Lappish drums made by Signe, merino wool hats and neckerchiefs by Annukka, herbal products by Lea, postcards and posters by Elsa-Maria, fun jewelry, and decorative figures made by Irina from Ukraine.<\/p>\n\n\n\n<div class=\"wp-block-columns is-layout-flex wp-container-core-columns-is-layout-9d6595d7 wp-block-columns-is-layout-flex\">\n<div class=\"wp-block-column is-layout-flow wp-block-column-is-layout-flow\">\n<figure class=\"wp-block-image size-full\"><img loading=\"lazy\" decoding=\"async\" width=\"700\" height=\"700\" src=\"https:\/\/karilantila.fi\/wp-content\/uploads\/2026\/02\/merinovillakyparamyssy-kauluri-ja-pipo.jpg\" alt=\"\" class=\"wp-image-324\" srcset=\"https:\/\/karilantila.fi\/wp-content\/uploads\/2026\/02\/merinovillakyparamyssy-kauluri-ja-pipo.jpg 700w, https:\/\/karilantila.fi\/wp-content\/uploads\/2026\/02\/merinovillakyparamyssy-kauluri-ja-pipo-300x300.jpg 300w, https:\/\/karilantila.fi\/wp-content\/uploads\/2026\/02\/merinovillakyparamyssy-kauluri-ja-pipo-150x150.jpg 150w, https:\/\/karilantila.fi\/wp-content\/uploads\/2026\/02\/merinovillakyparamyssy-kauluri-ja-pipo-75x75.jpg 75w\" sizes=\"auto, (max-width: 700px) 100vw, 700px\" \/><\/figure>\n\n\n\n<p class=\"has-text-align-left has-small-font-size\"><em>Annuka<\/em>&#8216;s merino wool headgear<\/p>\n<\/div>\n\n\n\n<div class=\"wp-block-column is-layout-flow wp-block-column-is-layout-flow\">\n<figure class=\"wp-block-image size-full\"><img loading=\"lazy\" decoding=\"async\" width=\"700\" height=\"700\" src=\"https:\/\/karilantila.fi\/wp-content\/uploads\/2026\/02\/Signe-Heino-ja-rummut.jpg\" alt=\"\" class=\"wp-image-325\" srcset=\"https:\/\/karilantila.fi\/wp-content\/uploads\/2026\/02\/Signe-Heino-ja-rummut.jpg 700w, https:\/\/karilantila.fi\/wp-content\/uploads\/2026\/02\/Signe-Heino-ja-rummut-300x300.jpg 300w, https:\/\/karilantila.fi\/wp-content\/uploads\/2026\/02\/Signe-Heino-ja-rummut-150x150.jpg 150w, https:\/\/karilantila.fi\/wp-content\/uploads\/2026\/02\/Signe-Heino-ja-rummut-75x75.jpg 75w\" sizes=\"auto, (max-width: 700px) 100vw, 700px\" \/><\/figure>\n\n\n\n<p class=\"has-text-align-left has-small-font-size\"><em>Signe&#8217;s Lappish drums<\/em><\/p>\n<\/div>\n\n\n\n<div class=\"wp-block-column is-layout-flow wp-block-column-is-layout-flow\">\n<figure class=\"wp-block-image size-full\"><img loading=\"lazy\" decoding=\"async\" width=\"700\" height=\"700\" src=\"https:\/\/karilantila.fi\/wp-content\/uploads\/2026\/02\/myyntiseina-2.jpg\" alt=\"\" class=\"wp-image-326\" srcset=\"https:\/\/karilantila.fi\/wp-content\/uploads\/2026\/02\/myyntiseina-2.jpg 700w, https:\/\/karilantila.fi\/wp-content\/uploads\/2026\/02\/myyntiseina-2-300x300.jpg 300w, https:\/\/karilantila.fi\/wp-content\/uploads\/2026\/02\/myyntiseina-2-150x150.jpg 150w, https:\/\/karilantila.fi\/wp-content\/uploads\/2026\/02\/myyntiseina-2-75x75.jpg 75w\" sizes=\"auto, (max-width: 700px) 100vw, 700px\" \/><\/figure>\n\n\n\n<p class=\"has-text-align-left has-small-font-size\"><em>Product wall at the caf\u00e9<\/em><\/p>\n<\/div>\n<\/div>\n\n\n\n<div class=\"wp-block-columns is-layout-flex wp-container-core-columns-is-layout-9d6595d7 wp-block-columns-is-layout-flex\">\n<div class=\"wp-block-column is-layout-flow wp-block-column-is-layout-flow\">\n<figure class=\"wp-block-image size-full\"><img loading=\"lazy\" decoding=\"async\" width=\"700\" height=\"700\" src=\"https:\/\/karilantila.fi\/wp-content\/uploads\/2026\/03\/Haltia-puunkolossa.jpg\" alt=\"\" class=\"wp-image-550\" srcset=\"https:\/\/karilantila.fi\/wp-content\/uploads\/2026\/03\/Haltia-puunkolossa.jpg 700w, https:\/\/karilantila.fi\/wp-content\/uploads\/2026\/03\/Haltia-puunkolossa-300x300.jpg 300w, https:\/\/karilantila.fi\/wp-content\/uploads\/2026\/03\/Haltia-puunkolossa-150x150.jpg 150w, https:\/\/karilantila.fi\/wp-content\/uploads\/2026\/03\/Haltia-puunkolossa-75x75.jpg 75w\" sizes=\"auto, (max-width: 700px) 100vw, 700px\" \/><\/figure>\n\n\n\n<p class=\"has-text-align-left has-small-font-size\"><em>Elsa-Maria<\/em>&#8216;s postcards and posters<\/p>\n<\/div>\n\n\n\n<div class=\"wp-block-column is-layout-flow wp-block-column-is-layout-flow\">\n<figure class=\"wp-block-image size-full\"><img loading=\"lazy\" decoding=\"async\" width=\"700\" height=\"700\" src=\"https:\/\/karilantila.fi\/wp-content\/uploads\/2026\/03\/Solina-saukko.jpg\" alt=\"\" class=\"wp-image-551\" srcset=\"https:\/\/karilantila.fi\/wp-content\/uploads\/2026\/03\/Solina-saukko.jpg 700w, https:\/\/karilantila.fi\/wp-content\/uploads\/2026\/03\/Solina-saukko-300x300.jpg 300w, https:\/\/karilantila.fi\/wp-content\/uploads\/2026\/03\/Solina-saukko-150x150.jpg 150w, https:\/\/karilantila.fi\/wp-content\/uploads\/2026\/03\/Solina-saukko-75x75.jpg 75w\" sizes=\"auto, (max-width: 700px) 100vw, 700px\" \/><\/figure>\n\n\n\n<p class=\"has-text-align-left has-small-font-size\"><em>\u00c4k\u00e4slompolo Village Association&#8217;s otter products<\/em><\/p>\n<\/div>\n\n\n\n<div class=\"wp-block-column is-layout-flow wp-block-column-is-layout-flow\">\n<figure class=\"wp-block-image size-full\"><img loading=\"lazy\" decoding=\"async\" width=\"700\" height=\"701\" src=\"https:\/\/karilantila.fi\/wp-content\/uploads\/2026\/03\/T-paita.jpg\" alt=\"\" class=\"wp-image-552\" srcset=\"https:\/\/karilantila.fi\/wp-content\/uploads\/2026\/03\/T-paita.jpg 700w, https:\/\/karilantila.fi\/wp-content\/uploads\/2026\/03\/T-paita-300x300.jpg 300w, https:\/\/karilantila.fi\/wp-content\/uploads\/2026\/03\/T-paita-150x150.jpg 150w, https:\/\/karilantila.fi\/wp-content\/uploads\/2026\/03\/T-paita-75x75.jpg 75w\" sizes=\"auto, (max-width: 700px) 100vw, 700px\" \/><\/figure>\n\n\n\n<p class=\"has-text-align-left has-small-font-size\"><em>\u00c4k\u00e4slompolo Family Association organic t-shirts<\/em><\/p>\n<\/div>\n<\/div>\n\n\n\n<p>In addition to handicrafts and natural products, otter products from the \u00c4k\u00e4slompolo Village Association  and organic t-shirts from the \u00c4k\u00e4slompolo Family Association are also on sale. By purchasing these products, you support the cultural activities of the village association and the community of the area.<br><a href=\"https:\/\/www.\u00e4k\u00e4slompolo.fi\/etusivu.html\" target=\"_blank\" rel=\"noopener\" title=\"\">https:\/\/www.\u00e4k\u00e4slompolo.fi\/etusivu.html<\/a> (FIN)<\/p>\n\n\n\n<p>We warmly welcome you browse our little shop!<\/p>\n","protected":false},"excerpt":{"rendered":"<p>The people of Karila also make all kinds of handicrafts and natural products outside of working at the caf\u00e9. Signe knits wonderfully warm mittens, makes Lappish drums and collects herbs for her own tea blends. Annukka sews merino wool beanies, neck warmers and balaclavas in her quieter time. Lea, on the other hand, makes dolls and processes the produce from the semi-wild herb garden into Spirit of \u00c4k\u00e4slompolo products. Karila Farm grows herbs such as mint, nettle, yarrow, and other herbs are collected from the surrounding area. Products are made from the herbs to be sold at the Navettagalleria caf\u00e9. Other products are also made from herbs, berries, and mushrooms, such as matsutake salt, juniper berry salt, rose-, elderberry-, and mint sugar. Signe Caf\u00e9 worker, handicrafts, natural products Signe is our longest-serving employee. Signe and Sami (Lea\u2019s son) met twelve years ago in Tivoli, Finland, where they were both working summer jobs at the time. They now live in \u00c4k\u00e4slompo with their three-year-old son Heino. Signe is therefore the daughter-in-law of the house. Small shop within the caf\u00e9 We have a small shop within the caf\u00e9, where we display local \u2013 and also our own \u2013 handicrafts and herbal products. For sale are warm mittens and colorful Lappish drums made by Signe, merino wool hats and neckerchiefs by Annukka, herbal products by Lea, postcards and posters by Elsa-Maria, fun jewelry, and decorative figures made by Irina from Ukraine. Annuka&#8216;s merino wool headgear Signe&#8217;s Lappish drums Product wall at the caf\u00e9 Elsa-Maria&#8216;s postcards and posters \u00c4k\u00e4slompolo Village Association&#8217;s otter products \u00c4k\u00e4slompolo Family Association organic t-shirts In addition to handicrafts and natural products, otter products from the \u00c4k\u00e4slompolo Village Association and organic t-shirts from the \u00c4k\u00e4slompolo Family Association are also on sale. By purchasing these products, you support the cultural activities of the village association and the community of the area.https:\/\/www.\u00e4k\u00e4slompolo.fi\/etusivu.html (FIN) We warmly welcome you browse our little shop!<\/p>\n","protected":false},"author":2,"featured_media":535,"parent":531,"menu_order":0,"comment_status":"closed","ping_status":"closed","template":"","meta":{"om_disable_all_campaigns":false,"_monsterinsights_skip_tracking":false,"_monsterinsights_sitenote_active":false,"_monsterinsights_sitenote_note":"","_monsterinsights_sitenote_category":0,"footnotes":""},"class_list":["post-540","page","type-page","status-publish","has-post-thumbnail","hentry"],"aioseo_notices":[],"acf":[],"_links":{"self":[{"href":"https:\/\/karilantila.fi\/en\/wp-json\/wp\/v2\/pages\/540","targetHints":{"allow":["GET"]}}],"collection":[{"href":"https:\/\/karilantila.fi\/en\/wp-json\/wp\/v2\/pages"}],"about":[{"href":"https:\/\/karilantila.fi\/en\/wp-json\/wp\/v2\/types\/page"}],"author":[{"embeddable":true,"href":"https:\/\/karilantila.fi\/en\/wp-json\/wp\/v2\/users\/2"}],"replies":[{"embeddable":true,"href":"https:\/\/karilantila.fi\/en\/wp-json\/wp\/v2\/comments?post=540"}],"version-history":[{"count":4,"href":"https:\/\/karilantila.fi\/en\/wp-json\/wp\/v2\/pages\/540\/revisions"}],"predecessor-version":[{"id":656,"href":"https:\/\/karilantila.fi\/en\/wp-json\/wp\/v2\/pages\/540\/revisions\/656"}],"up":[{"embeddable":true,"href":"https:\/\/karilantila.fi\/en\/wp-json\/wp\/v2\/pages\/531"}],"wp:featuredmedia":[{"embeddable":true,"href":"https:\/\/karilantila.fi\/en\/wp-json\/wp\/v2\/media\/535"}],"wp:attachment":[{"href":"https:\/\/karilantila.fi\/en\/wp-json\/wp\/v2\/media?parent=540"}],"curies":[{"name":"wp","href":"https:\/\/api.w.org\/{rel}","templated":true}]}}