{"id":581,"date":"2026-02-04T22:05:54","date_gmt":"2026-02-04T20:05:54","guid":{"rendered":"https:\/\/karilantila.fi\/navettagalleria\/taiteilijat\/"},"modified":"2026-03-02T20:05:32","modified_gmt":"2026-03-02T18:05:32","slug":"artists","status":"publish","type":"page","link":"https:\/\/karilantila.fi\/en\/navettagalleria\/artists\/","title":{"rendered":"The artistic family of Karila Farm"},"content":{"rendered":"\n<p>Karilan Navettagalleria is filled with artwork and sculpures from our family members. We are indeed a very artistic bunch, deeply rooted in this little spot on earth. We draw our inspiration from the surrounding nature, the history of the area and our family, but also from the beliefs of the ancient people, underground spirits and elves. <\/p>\n\n\n\n<p>On the back wall is Kirsi&#8217;s work &#8220;Roots&#8221;. The work can also be found on the wall of the barn in the yard of Tano&#8217;s house. The work was completed in -23 and the material is polished steel.<\/p>\n\n\n\n<p>On the ceiling are some somewhat mystical linen paper sculptures from earlier years. Larissa is lying inside the glass-topped table. The work is Kirsi&#8217;s work from her time at the art school.<\/p>\n\n\n\n<p>The colorful paintings on the walls are by Outa-Vertti Antikainen. The strong use of colors by the northern people is characteristic of Vertti&#8217;s paintings.<\/p>\n\n\n\n<p>Elsa-Maria Kaulanen&#8217;s drawings and illustrations are on display on the caf\u00e9 side. Karila&#8217;s old landlord, Heino, is looking on in the staircase. The painting is Elsa-Maria&#8217;s work from high school.<\/p>\n\n\n\n<p>The puppet-like elves and creatures are the Barn Gallery&#8217;s own people, the work of Lea and Elsa-Maria.<\/p>\n\n\n\n<div class=\"wp-block-columns is-layout-flex wp-container-core-columns-is-layout-9d6595d7 wp-block-columns-is-layout-flex\">\n<div class=\"wp-block-column is-layout-flow wp-block-column-is-layout-flow\">\n<figure class=\"wp-block-image size-full\"><img loading=\"lazy\" decoding=\"async\" width=\"700\" height=\"699\" src=\"https:\/\/karilantila.fi\/wp-content\/uploads\/2026\/03\/Lahjan-juuret-kirsi-kaulanen.jpg\" alt=\"\" class=\"wp-image-587\" srcset=\"https:\/\/karilantila.fi\/wp-content\/uploads\/2026\/03\/Lahjan-juuret-kirsi-kaulanen.jpg 700w, https:\/\/karilantila.fi\/wp-content\/uploads\/2026\/03\/Lahjan-juuret-kirsi-kaulanen-300x300.jpg 300w, https:\/\/karilantila.fi\/wp-content\/uploads\/2026\/03\/Lahjan-juuret-kirsi-kaulanen-150x150.jpg 150w, https:\/\/karilantila.fi\/wp-content\/uploads\/2026\/03\/Lahjan-juuret-kirsi-kaulanen-75x75.jpg 75w\" sizes=\"auto, (max-width: 700px) 100vw, 700px\" \/><\/figure>\n\n\n\n<p class=\"has-text-align-left has-small-font-size\"><em>Kirsi Kaulanen<\/em><\/p>\n<\/div>\n\n\n\n<div class=\"wp-block-column is-layout-flow wp-block-column-is-layout-flow\">\n<figure class=\"wp-block-image size-full\"><img loading=\"lazy\" decoding=\"async\" width=\"611\" height=\"611\" src=\"https:\/\/karilantila.fi\/wp-content\/uploads\/2026\/03\/Elsa-Maria-tunturit.jpg\" alt=\"\" class=\"wp-image-588\" srcset=\"https:\/\/karilantila.fi\/wp-content\/uploads\/2026\/03\/Elsa-Maria-tunturit.jpg 611w, https:\/\/karilantila.fi\/wp-content\/uploads\/2026\/03\/Elsa-Maria-tunturit-300x300.jpg 300w, https:\/\/karilantila.fi\/wp-content\/uploads\/2026\/03\/Elsa-Maria-tunturit-150x150.jpg 150w, https:\/\/karilantila.fi\/wp-content\/uploads\/2026\/03\/Elsa-Maria-tunturit-75x75.jpg 75w\" sizes=\"auto, (max-width: 611px) 100vw, 611px\" \/><\/figure>\n\n\n\n<p class=\"has-text-align-left has-small-font-size\"><em>Elsa-Maria Kaulanen<\/em><\/p>\n<\/div>\n\n\n\n<div class=\"wp-block-column is-layout-flow wp-block-column-is-layout-flow\">\n<figure class=\"wp-block-image size-full\"><img loading=\"lazy\" decoding=\"async\" width=\"700\" height=\"700\" src=\"https:\/\/karilantila.fi\/wp-content\/uploads\/2026\/03\/taulu-outa-vertti.jpg\" alt=\"\" class=\"wp-image-589\" srcset=\"https:\/\/karilantila.fi\/wp-content\/uploads\/2026\/03\/taulu-outa-vertti.jpg 700w, https:\/\/karilantila.fi\/wp-content\/uploads\/2026\/03\/taulu-outa-vertti-300x300.jpg 300w, https:\/\/karilantila.fi\/wp-content\/uploads\/2026\/03\/taulu-outa-vertti-150x150.jpg 150w, https:\/\/karilantila.fi\/wp-content\/uploads\/2026\/03\/taulu-outa-vertti-75x75.jpg 75w\" sizes=\"auto, (max-width: 700px) 100vw, 700px\" \/><\/figure>\n\n\n\n<p class=\"has-text-align-left has-small-font-size\"><em>Outa-Vertti Antikainen <\/em><\/p>\n<\/div>\n<\/div>\n\n\n\n<p><strong>Kirsi Kaulanen<\/strong> is a sculptor. Kirsi&#8217;s most famous works are the monument to President Mauno Koivisto, The Mediator, in front of the Little Parliament in Helsinki, and the Gaia sculpture in the Music House Kiasma. Kirsi&#8217;s public works can be found in various parts of Finland. Information about Kirsi&#8217;s work can be found here: <a href=\"https:\/\/kirsikaulanen.fi\/\" target=\"_blank\" rel=\"noopener\" title=\"\">https:\/\/kirsikaulanen.fi\/ <\/a><br>The Barn Gallery displays Kirsi&#8217;s sculptures from different periods. Kirsi Kaulanen&#8217;s father&#8217;s childhood home is Karila Farm, so Kirsi&#8217;s roots are here in Karila. Kirsi spent her childhood holidays here and still visits here several times a year.<\/p>\n\n\n\n<p><strong>Outa-Vertti Antikainen<\/strong> is one of Karila&#8217;s sons. Vertti graduated as a visual artist from the Kankaanp\u00e4\u00e4 Art School in the spring of -25. Verti&#8217;s paintings are on display at Navettagalleria.<\/p>\n\n\n\n<p><strong>Elsa-Maria Kaulanen<\/strong>, on the other hand, is one of Karila&#8217;s daughters. Elsa-Maria is an illustrator and her drawings and paintings are on display in the caf\u00e9. Her handiwork can be seen in the map drawings, the Navettagalleria logo, product labels and postcards. Elsa-Maria currently works as a civil engineer in Oulu, but illustration is still a beloved hobby for her.<\/p>\n\n\n\n<p><strong>Lea Kaulanen<\/strong>, who <a href=\"https:\/\/karilantila.fi\/en\/navettagalleria\/how-it-began\/\" title=\"How it all began\">originally founded<\/a> Navettagalleria, is both a storyteller and a puppeteer. Making puppets was originally a hobby, as was puppet theatre. Story-telling puppets are still on display at Navettagalleria, and for example, the <a href=\"https:\/\/www.luontoon.fi\/en\/services\/yllastunturi-visitor-centre-kellokas-visitor-center-3626-en\" target=\"_blank\" rel=\"noopener\" title=\"\">Yll\u00e4s Visitor Centre Kellokas<\/a> Me\u00e4n el\u00e4m\u00e4\u00e4 exhibition at the nature centre features dioramas built by Lea.<\/p>\n\n\n\n<p>In addition, this winter, the Navettagalleria will also be exhibiting Sirpa Pakkanen\u2019s striking stone paintings.<\/p>\n\n\n\n<p><\/p>\n","protected":false},"excerpt":{"rendered":"<p>Karilan Navettagalleria is filled with artwork and sculpures from our family members. We are indeed a very artistic bunch, deeply rooted in this little spot on earth. We draw our inspiration from the surrounding nature, the history of the area and our family, but also from the beliefs of the ancient people, underground spirits and elves. On the back wall is Kirsi&#8217;s work &#8220;Roots&#8221;. The work can also be found on the wall of the barn in the yard of Tano&#8217;s house. The work was completed in -23 and the material is polished steel. On the ceiling are some somewhat mystical linen paper sculptures from earlier years. Larissa is lying inside the glass-topped table. The work is Kirsi&#8217;s work from her time at the art school. The colorful paintings on the walls are by Outa-Vertti Antikainen. The strong use of colors by the northern people is characteristic of Vertti&#8217;s paintings. Elsa-Maria Kaulanen&#8217;s drawings and illustrations are on display on the caf\u00e9 side. Karila&#8217;s old landlord, Heino, is looking on in the staircase. The painting is Elsa-Maria&#8217;s work from high school. The puppet-like elves and creatures are the Barn Gallery&#8217;s own people, the work of Lea and Elsa-Maria. Kirsi Kaulanen Elsa-Maria Kaulanen Outa-Vertti Antikainen Kirsi Kaulanen is a sculptor. Kirsi&#8217;s most famous works are the monument to President Mauno Koivisto, The Mediator, in front of the Little Parliament in Helsinki, and the Gaia sculpture in the Music House Kiasma. Kirsi&#8217;s public works can be found in various parts of Finland. Information about Kirsi&#8217;s work can be found here: https:\/\/kirsikaulanen.fi\/ The Barn Gallery displays Kirsi&#8217;s sculptures from different periods. Kirsi Kaulanen&#8217;s father&#8217;s childhood home is Karila Farm, so Kirsi&#8217;s roots are here in Karila. Kirsi spent her childhood holidays here and still visits here several times a year. Outa-Vertti Antikainen is one of Karila&#8217;s sons. Vertti graduated as a visual artist from the Kankaanp\u00e4\u00e4 Art School in the spring of -25. Verti&#8217;s paintings are on display at Navettagalleria. Elsa-Maria Kaulanen, on the other hand, is one of Karila&#8217;s daughters. Elsa-Maria is an illustrator and her drawings and paintings are on display in the caf\u00e9. Her handiwork can be seen in the map drawings, the Navettagalleria logo, product labels and postcards. Elsa-Maria currently works as a civil engineer in Oulu, but illustration is still a beloved hobby for her. Lea Kaulanen, who originally founded Navettagalleria, is both a storyteller and a puppeteer. Making puppets was originally a hobby, as was puppet theatre. Story-telling puppets are still on display at Navettagalleria, and for example, the Yll\u00e4s Visitor Centre Kellokas Me\u00e4n el\u00e4m\u00e4\u00e4 exhibition at the nature centre features dioramas built by Lea. In addition, this winter, the Navettagalleria will also be exhibiting Sirpa Pakkanen\u2019s striking stone paintings.<\/p>\n","protected":false},"author":2,"featured_media":534,"parent":531,"menu_order":0,"comment_status":"closed","ping_status":"closed","template":"","meta":{"om_disable_all_campaigns":false,"_monsterinsights_skip_tracking":false,"_monsterinsights_sitenote_active":false,"_monsterinsights_sitenote_note":"","_monsterinsights_sitenote_category":0,"footnotes":""},"class_list":["post-581","page","type-page","status-publish","has-post-thumbnail","hentry"],"aioseo_notices":[],"acf":[],"_links":{"self":[{"href":"https:\/\/karilantila.fi\/en\/wp-json\/wp\/v2\/pages\/581","targetHints":{"allow":["GET"]}}],"collection":[{"href":"https:\/\/karilantila.fi\/en\/wp-json\/wp\/v2\/pages"}],"about":[{"href":"https:\/\/karilantila.fi\/en\/wp-json\/wp\/v2\/types\/page"}],"author":[{"embeddable":true,"href":"https:\/\/karilantila.fi\/en\/wp-json\/wp\/v2\/users\/2"}],"replies":[{"embeddable":true,"href":"https:\/\/karilantila.fi\/en\/wp-json\/wp\/v2\/comments?post=581"}],"version-history":[{"count":4,"href":"https:\/\/karilantila.fi\/en\/wp-json\/wp\/v2\/pages\/581\/revisions"}],"predecessor-version":[{"id":657,"href":"https:\/\/karilantila.fi\/en\/wp-json\/wp\/v2\/pages\/581\/revisions\/657"}],"up":[{"embeddable":true,"href":"https:\/\/karilantila.fi\/en\/wp-json\/wp\/v2\/pages\/531"}],"wp:featuredmedia":[{"embeddable":true,"href":"https:\/\/karilantila.fi\/en\/wp-json\/wp\/v2\/media\/534"}],"wp:attachment":[{"href":"https:\/\/karilantila.fi\/en\/wp-json\/wp\/v2\/media?parent=581"}],"curies":[{"name":"wp","href":"https:\/\/api.w.org\/{rel}","templated":true}]}}